{"id":551,"date":"2022-02-25T18:43:51","date_gmt":"2022-02-25T17:43:51","guid":{"rendered":"https:\/\/nieplodnosc.com.pl\/?page_id=551"},"modified":"2022-02-25T18:56:08","modified_gmt":"2022-02-25T17:56:08","slug":"polityka-prywatnosci","status":"publish","type":"page","link":"https:\/\/nieplodnosc.com.pl\/index.php\/polityka-prywatnosci\/","title":{"rendered":"Strona"},"content":{"rendered":"<div class=\"\" style=\"\" >\n  \n    \n    <section class=\"u-align-left u-clearfix u-section-2\" id=\"sec-2dc4\">\n      <div class=\"u-clearfix u-sheet u-valign-middle u-sheet-1\">\n        <div class=\"fr-view u-clearfix u-rich-text u-text u-text-1\">\n          <h1 id=\"isPasted\">POLITYKA PRYWATNO\u015aCI<\/h1>\n          <p>\n            <br>\n          <\/p>\n          <p>Niniejsza Polityka stanowi podstawow\u0105 informacj\u0119 o celach, sposobach przetwarzania oraz bezpiecze\u0144stwie Twoich danych osobowych, jako u\u017cytkownika strony: fryzurarohlika.pl [wpisz tutaj sw\u00f3j adres strony i podlinkuj] (zwanej dalej Stron\u0105). Zapoznaj\u0105c si\u0119 z Polityk\u0105 prywatno\u015bci dowiesz si\u0119 kto jest administratorem Twoich danych osobowych, jakie dane osobowe s\u0105 przez Stron\u0119 zbierane, w jakich celach s\u0105 wykorzystywane oraz jak s\u0105 chronione.<\/p>\n          <p>\n            <br>\n          <\/p>\n          <p>\u00a71. Informacje podstawowe.<\/p>\n          <p>\n            <br>\n          <\/p>\n          <p>1. Administratorem Twoich danych osobowych jest Katarzyna Kaszo-stanik, ul. Langiewicza 47\/1, Radom.<\/p>\n          <p>2. Kontakt z Administratorem jest mo\u017cliwy za po\u015brednictwem: katarzynastanik45@gmail.com<\/p>\n          <p>\n            <br>\n          <\/p>\n          <p>\u00a72. Zasady przetwarzania danych.<\/p>\n          <p>\n            <br>\n          <\/p>\n          <p>1. Administrator przetwarza dane osobowe z poszanowaniem nast\u0119puj\u0105cych zasad:<\/p>\n          <p>1) w oparciu o podstaw\u0119 prawn\u0105 i zgodnie z prawem (legalizm);<\/p>\n          <p>2) rzetelnie i uczciwie (rzetelno\u015b\u0107);&nbsp;<\/p>\n          <p>3) w spos\u00f3b przejrzysty dla osoby, kt\u00f3rej dane dotycz\u0105 (transparentno\u015b\u0107);<\/p>\n          <p>4) w konkretnych celach i nie \u201ena zapas\u201d (minimalizacja);<\/p>\n          <p>5) nie wi\u0119cej ni\u017c potrzeba (adekwatno\u015b\u0107);<\/p>\n          <p>6) z dba\u0142o\u015bci\u0105 o prawid\u0142owo\u015b\u0107 danych (prawid\u0142owo\u015b\u0107);<\/p>\n          <p>7) nie d\u0142u\u017cej ni\u017c potrzeba (czasowo\u015b\u0107);<\/p>\n          <p>8) zapewniaj\u0105c odpowiednie bezpiecze\u0144stwo danych (bezpiecze\u0144stwo).<\/p>\n          <p>\n            <br>\n          <\/p>\n          <p>\u00a73. Cele, podstawy prawne i zakres przetwarzania danych.<\/p>\n          <p>\n            <br>\n          <\/p>\n          <p>1. Twoje dane b\u0119dziemy przetwarza\u0107:<\/p>\n          <p>1) w celach kontaktowych, aby udzieli\u0107 ci odpowiedzi na Twoj\u0105 wiadomo\u015b\u0107 przes\u0142an\u0105 nam bezpo\u015brednio drog\u0105 e-mailow\u0105 lub za po\u015brednictwem formularza na podstawie realizacji prawnie uzasadnionego interesu Administratora zwi\u0105zanego z konieczno\u015bci\u0105 udzielenia Ci odpowiedzi.<\/p>\n          <p>2) w celach statystycznych, analitycznych oraz monitorowania ruchu na Stronie przy u\u017cyciu plik\u00f3w cookies na podstawie realizacji prawnie uzasadnionego interesu Administratora zwi\u0105zanego z prawid\u0142owym dzia\u0142aniem i funkcjonowaniem Strony oraz prowadzeniem analizy ruchu na stronie.<\/p>\n          <p>2. Przetwarzamy Twoje dane w zakresie:<\/p>\n          <p>1) je\u015bli prze\u015blesz nam wiadomo\u015b\u0107 e-mail to b\u0119dziemy przetwarza\u0107 dane, kt\u00f3re b\u0119d\u0105 w niej zawarte. Przekazanie nam danych w e-mailu nast\u0119puje dobrowolnie. W ka\u017cdym czasie mo\u017cesz zwr\u00f3ci\u0107 si\u0119 do nas z pro\u015bb\u0105 o usuni\u0119cie tych danych.<\/p>\n          <p>2) je\u015bli skorzysta\u0107 z formularza kontaktowego na naszej stronie to b\u0119dziemy przetwarza\u0107 dane w postaci twojego adresu e-mail oraz imienia. Podanie tych danych stanowi warunek udzielenia przez nas odpowiedzi na Twoje zapytanie.&nbsp;<\/p>\n          <p>3) pozosta\u0142e dane, kt\u00f3re Administrator przetwarza to adres IP i inne dane zapisywane w plikach cookies, kt\u00f3re s\u0142u\u017c\u0105 Administratorowi do analizy korzystania przez Ciebie i innych u\u017cytkownik\u00f3w Strony. Przetwarzanie danych w tym zakresie mo\u017ce zosta\u0107 wstrzymane po z\u0142o\u017ceniu przez Ciebie sprzeciwu.<\/p>\n          <p>\n            <br>\n          <\/p>\n          <p>\u00a74. Odbiorcy danych oraz zamiar przekazywania danych do Pa\u0144stwa spoza EOG lub organizacji mi\u0119dzynarodowej.<\/p>\n          <p>\n            <br>\n          <\/p>\n          <p>1. Odbiorc\u0105 Twoich danych osobowych jest podmiot dostarczaj\u0105cy oprogramowanie do analizy ruchu na naszej stronie (np. Google Analytics);<\/p>\n          <p>2. Twoje dane nie s\u0105 przekazywane do Pa\u0144stw spoza EOG lub organizacji mi\u0119dzynarodowych.&nbsp;<\/p>\n          <p>\n            <br>\n          <\/p>\n          <p>\u00a75. Termin przechowywania danych.<\/p>\n          <p>\n            <br>\n          <\/p>\n          <p>Nie jeste\u015bmy w stanie ustali\u0107 przez jaki okres przetwarza\u0107 b\u0119dziemy Twoje dane osobowe. Je\u015bli przekaza\u0142e\u015b nam swoje dane w formularzu lub wiadomo\u015bci e-mail w celach kontaktowych to Twoje dane b\u0119dziemy przetwarza\u0107 do momentu z\u0142o\u017cenia przez Ciebie \u017c\u0105dania usuni\u0119cia tych danych lub sprzeciwu wobec przetwarzania, ale r\u00f3wnie\u017c w przypadku, w kt\u00f3rym uznamy, \u017ce zrealizowali\u015bmy prawnie uzasadniony interes Administratora.&nbsp;<\/p>\n          <p>\n            <br>\n          <\/p>\n          <p>\u00a76. Prawa u\u017cytkownik\u00f3w.<\/p>\n          <p>\n            <br>\n          <\/p>\n          <p>1. W zwi\u0105zku z przetwarzaniem Twoich danych przys\u0142uguj\u0105 Ci nast\u0119puj\u0105ce prawa:&nbsp;<\/p>\n          <p>1) dost\u0119pu do tre\u015bci swoich danych oraz&nbsp;<\/p>\n          <p>2) prawo ich sprostowania, usuni\u0119cia, ograniczenia przetwarzania,&nbsp;<\/p>\n          <p>3) prawo do przenoszenia danych,&nbsp;<\/p>\n          <p>4) prawo wniesienia sprzeciwu,&nbsp;<\/p>\n          <p>5) prawo do cofni\u0119cia zgody na ich przetwarzanie w dowolnym momencie i w dowolnej formie, chyba \u017ce przetwarzanie Pa\u0144stwa danych odbywa si\u0119 w celu wykonywania umowy przez Administratora, w celu wywi\u0105zania si\u0119 przez Administratora z obowi\u0105zk\u00f3w prawnych wzgl\u0119dem instytucji pa\u0144stwowych lub w celu realizacji prawnie uzasadnionych interes\u00f3w Administratora.&nbsp;<\/p>\n          <p>2. Masz tak\u017ce prawo wniesienia skargi do Prezesa Urz\u0119du Ochrony Danych Osobowych (na adres Urz\u0119du Ochrony Danych Osobowych, ul. Stawki 2, 00-193 Warszawa).&nbsp;<\/p>\n          <p>3. Wi\u0119cej informacji w przedmiocie ochrony danych osobowych mog\u0105 Pa\u0144stwo otrzyma\u0107 na stronie internetowej Urz\u0119du Ochrony Danych Osobowych: www.uodo.gov.pl<\/p>\n          <p>\n            <br>\n          <\/p>\n          <p>\u00a77. Pliki cookies.<\/p>\n          <p>\n            <br>\n          <\/p>\n          <p>1. Pliki cookies (tzw. \u201eciasteczka\u201d) stanowi\u0105 dane informatyczne, w szczeg\u00f3lno\u015bci pliki tekstowe, kt\u00f3re przechowywane s\u0105 w urz\u0105dzeniu ko\u0144cowym, czyli Twoim komputerze, laptopie lub smartfonie, w zale\u017cno\u015bci jakiego urz\u0105dzenia u\u017cywasz do ogl\u0105dania Strony. Cookies zazwyczaj zawieraj\u0105 nazw\u0119 strony internetowej, z kt\u00f3rej pochodz\u0105, czas przechowywania ich na urz\u0105dzeniu ko\u0144cowym oraz unikalny numer. Sam mo\u017cesz zadecydowa\u0107 o formie wykorzystania cookies \u2013 ustawienia te s\u0105 dost\u0119pne w ka\u017cdej przegl\u0105darce internetowej.<\/p>\n          <p>2. Pliki cookies s\u0142u\u017c\u0105 przede wszystkim twojej wygodzie \u2013 dzi\u0119ki ich u\u017cyciu, znacznie skraca si\u0119 czas \u0142adowania strony podczas kolejnych odwiedzin.<\/p>\n          <p>3. Cechy plik\u00f3w cookies:<\/p>\n          <p>1) dostosowuj\u0105 zawarto\u015b\u0107 stron internetowych serwisu do U\u017cytkownika. Optymalizuj\u0105 poruszanie U\u017cytkownika na stronie, w szczeg\u00f3lno\u015bci pliki te pozwalaj\u0105 rozpozna\u0107 urz\u0105dzenie, za pomoc\u0105, kt\u00f3rego wy\u015bwietlana jest strona i tak ustawi\u0107 jej parametry, by nawigacja nie sprawia\u0142a problem\u00f3w i zoptymalizowana pod wzgl\u0119dem indywidualnych potrzeb U\u017cytkownika.&nbsp;<\/p>\n          <p>2) pozwalaj\u0105 wy\u015bwietli\u0107 stron\u0119 internetow\u0105, dostosowan\u0105 do Twoich indywidualnych potrzeb;<\/p>\n          <p>3) tworz\u0105 statystyki, dzi\u0119ki kt\u00f3rym Administrator wie, kt\u00f3re tre\u015bci ciesz\u0105 si\u0119 zainteresowaniem U\u017cytkownik\u00f3w. Pozwala to na ci\u0105g\u0142e ulepszanie strony i tak\u0105 konstrukcj\u0119 tre\u015bci, kt\u00f3ra b\u0119dzie odpowiada\u0142a osobom odwiedzaj\u0105cym stron\u0119.<\/p>\n          <p>4) pozwalaj\u0105 na wielokrotne wykorzystanie opcji logowania przez U\u017cytkownika, co jest dla Ciebie du\u017co wygodniejsze, gdy\u017c podczas przemieszczania si\u0119 po stronie i wielokrotnych odwiedzin nie jeste\u015b zmuszony do ka\u017cdorazowego wpisywania loginu i has\u0142a.<\/p>\n          <p>4. W ramach Strony stosowane s\u0105 dwa zasadnicze rodzaje plik\u00f3w cookies: \u201esesyjne\u201d (session cookies) oraz \u201esta\u0142e\u201d (persistent cookies). Cookies \u201esesyjne\u201d s\u0105 plikami tymczasowymi, kt\u00f3re przechowywane s\u0105 w urz\u0105dzeniu ko\u0144cowym U\u017cytkownika do czasu wylogowania, opuszczenia strony internetowej lub wy\u0142\u0105czenia oprogramowania (przegl\u0105darki internetowej). \u201eSta\u0142e\u201d pliki cookies przechowywane s\u0105 w urz\u0105dzeniu ko\u0144cowym U\u017cytkownika przez czas okre\u015blony w parametrach plik\u00f3w cookies lub do czasu ich usuni\u0119cia przez U\u017cytkownika.<\/p>\n          <p>5. U\u017cytkownik mo\u017ce w ka\u017cdym momencie usun\u0105\u0107 pliki cookies.<\/p>\n          <p>6. Wprowadzone przez u\u017cytkownika ograniczenia stosowania plik\u00f3w cookies mog\u0105 wp\u0142yn\u0105\u0107 na niekt\u00f3re funkcjonalno\u015bci Strony, znacznie utrudniaj\u0105c swobodne korzystanie ze wszystkich jego opcji.&nbsp;<\/p>\n          <p>7. Pliki cookies s\u0105 zamieszczane w urz\u0105dzeniu ko\u0144cowym U\u017cytkownika i wykorzystywane mog\u0105 by\u0107 r\u00f3wnie\u017c przez wsp\u00f3\u0142pracuj\u0105cych z operatorem Strony reklamodawc\u00f3w oraz innych partner\u00f3w. U\u017cytkownik jednak\u017ce w ka\u017cdej chwili mo\u017ce je usun\u0105\u0107.<\/p>\n          <p>8. Wi\u0119cej szczeg\u00f3\u0142owych informacji na temat plik\u00f3w cookies dost\u0119pnych jest pod adresem http:\/\/wszystkoociasteczkach.pl lub w sekcji \u201ePomoc\u201d w menu przegl\u0105darki internetowej.<\/p>\n          <p>9. Je\u017celi masz w\u0105tpliwo\u015bci, co do ustawie\u0144 plik\u00f3w cookies, skontaktuj si\u0119 z operatorem swojej przegl\u0105darki internetowej.<\/p>\n          <p>10. Je\u017celi nie zgadzasz si\u0119 na wykorzystywanie cookies przez Stron\u0119, opu\u015b\u0107 j\u0105 lub aktywuj odpowiednie ustawienia w swojej przegl\u0105darce internetowej.<\/p>\n          <p>\n            <br>\n          <\/p>\n          <p>\n            <br>\n          <\/p>\n        <\/div>\n      <\/div>\n    <\/section>\n    \n    \n    \n  \n<\/div>","protected":false},"excerpt":{"rendered":"<p>POLITYKA PRYWATNO\u015aCI Niniejsza Polityka stanowi podstawow\u0105 informacj\u0119 o celach, sposobach przetwarzania oraz bezpiecze\u0144stwie Twoich danych osobowych, jako u\u017cytkownika strony: fryzurarohlika.pl [wpisz tutaj sw\u00f3j adres strony i podlinkuj] (zwanej dalej Stron\u0105). Zapoznaj\u0105c si\u0119 z Polityk\u0105 prywatno\u015bci dowiesz si\u0119 kto jest administratorem Twoich danych osobowych, jakie dane osobowe s\u0105 przez Stron\u0119 zbierane, w jakich celach s\u0105 wykorzystywane &hellip; <\/p>\n<p class=\"link-more\"><a href=\"https:\/\/nieplodnosc.com.pl\/index.php\/polityka-prywatnosci\/\" class=\"more-link\">Czytaj dalej<span class=\"screen-reader-text\"> \u201eStrona\u201d<\/span><\/a><\/p>\n","protected":false},"author":1,"featured_media":0,"parent":0,"menu_order":0,"comment_status":"closed","ping_status":"closed","template":"","meta":{"footnotes":""},"class_list":["post-551","page","type-page","status-publish","hentry"],"yoast_head":"<!-- This site is optimized with the Yoast SEO plugin v26.8 - https:\/\/yoast.com\/product\/yoast-seo-wordpress\/ -->\n<title>Strona - Dar \u017bycia - Poradnia Wspierania P\u0142odno\u015bci i Zdrowia Kobiety<\/title>\n<meta name=\"robots\" content=\"index, follow, max-snippet:-1, max-image-preview:large, max-video-preview:-1\" \/>\n<link rel=\"canonical\" href=\"https:\/\/nieplodnosc.com.pl\/index.php\/polityka-prywatnosci\/\" \/>\n<meta property=\"og:locale\" content=\"pl_PL\" \/>\n<meta property=\"og:type\" content=\"article\" \/>\n<meta property=\"og:title\" content=\"Strona - Dar \u017bycia - Poradnia Wspierania P\u0142odno\u015bci i Zdrowia Kobiety\" \/>\n<meta property=\"og:description\" content=\"POLITYKA PRYWATNO\u015aCI Niniejsza Polityka stanowi podstawow\u0105 informacj\u0119 o celach, sposobach przetwarzania oraz bezpiecze\u0144stwie Twoich danych osobowych, jako u\u017cytkownika strony: fryzurarohlika.pl [wpisz tutaj sw\u00f3j adres strony i podlinkuj] (zwanej dalej Stron\u0105). Zapoznaj\u0105c si\u0119 z Polityk\u0105 prywatno\u015bci dowiesz si\u0119 kto jest administratorem Twoich danych osobowych, jakie dane osobowe s\u0105 przez Stron\u0119 zbierane, w jakich celach s\u0105 wykorzystywane &hellip; Czytaj dalej \u201eStrona\u201d\" \/>\n<meta property=\"og:url\" content=\"https:\/\/nieplodnosc.com.pl\/index.php\/polityka-prywatnosci\/\" \/>\n<meta property=\"og:site_name\" content=\"Dar \u017bycia - Poradnia Wspierania P\u0142odno\u015bci i Zdrowia Kobiety\" \/>\n<meta property=\"article:modified_time\" content=\"2022-02-25T17:56:08+00:00\" \/>\n<meta name=\"twitter:card\" content=\"summary_large_image\" \/>\n<meta name=\"twitter:label1\" content=\"Szacowany czas czytania\" \/>\n\t<meta name=\"twitter:data1\" content=\"6 minut\" \/>\n<script type=\"application\/ld+json\" class=\"yoast-schema-graph\">{\"@context\":\"https:\/\/schema.org\",\"@graph\":[{\"@type\":\"WebPage\",\"@id\":\"https:\/\/nieplodnosc.com.pl\/index.php\/polityka-prywatnosci\/\",\"url\":\"https:\/\/nieplodnosc.com.pl\/index.php\/polityka-prywatnosci\/\",\"name\":\"Strona - Dar \u017bycia - Poradnia Wspierania P\u0142odno\u015bci i Zdrowia Kobiety\",\"isPartOf\":{\"@id\":\"https:\/\/nieplodnosc.com.pl\/#website\"},\"datePublished\":\"2022-02-25T17:43:51+00:00\",\"dateModified\":\"2022-02-25T17:56:08+00:00\",\"breadcrumb\":{\"@id\":\"https:\/\/nieplodnosc.com.pl\/index.php\/polityka-prywatnosci\/#breadcrumb\"},\"inLanguage\":\"pl-PL\",\"potentialAction\":[{\"@type\":\"ReadAction\",\"target\":[\"https:\/\/nieplodnosc.com.pl\/index.php\/polityka-prywatnosci\/\"]}]},{\"@type\":\"BreadcrumbList\",\"@id\":\"https:\/\/nieplodnosc.com.pl\/index.php\/polityka-prywatnosci\/#breadcrumb\",\"itemListElement\":[{\"@type\":\"ListItem\",\"position\":1,\"name\":\"Strona g\u0142\u00f3wna\",\"item\":\"https:\/\/nieplodnosc.com.pl\/\"},{\"@type\":\"ListItem\",\"position\":2,\"name\":\"Strona\"}]},{\"@type\":\"WebSite\",\"@id\":\"https:\/\/nieplodnosc.com.pl\/#website\",\"url\":\"https:\/\/nieplodnosc.com.pl\/\",\"name\":\"Dar \u017bycia - Poradnia Wspierania P\u0142odno\u015bci i Zdrowia Kobiety\",\"description\":\"Nieplodnosc.com.pl\",\"publisher\":{\"@id\":\"https:\/\/nieplodnosc.com.pl\/#organization\"},\"potentialAction\":[{\"@type\":\"SearchAction\",\"target\":{\"@type\":\"EntryPoint\",\"urlTemplate\":\"https:\/\/nieplodnosc.com.pl\/?s={search_term_string}\"},\"query-input\":{\"@type\":\"PropertyValueSpecification\",\"valueRequired\":true,\"valueName\":\"search_term_string\"}}],\"inLanguage\":\"pl-PL\"},{\"@type\":\"Organization\",\"@id\":\"https:\/\/nieplodnosc.com.pl\/#organization\",\"name\":\"Dar \u017bycia - Poradnia Wspierania P\u0142odno\u015bci i Zdrowia Kobiety\",\"url\":\"https:\/\/nieplodnosc.com.pl\/\",\"logo\":{\"@type\":\"ImageObject\",\"inLanguage\":\"pl-PL\",\"@id\":\"https:\/\/nieplodnosc.com.pl\/#\/schema\/logo\/image\/\",\"url\":\"https:\/\/nieplodnosc.com.pl\/wp-content\/uploads\/2022\/01\/logo_perm_sh-1.png\",\"contentUrl\":\"https:\/\/nieplodnosc.com.pl\/wp-content\/uploads\/2022\/01\/logo_perm_sh-1.png\",\"width\":240,\"height\":83,\"caption\":\"Dar \u017bycia - Poradnia Wspierania P\u0142odno\u015bci i Zdrowia Kobiety\"},\"image\":{\"@id\":\"https:\/\/nieplodnosc.com.pl\/#\/schema\/logo\/image\/\"}}]}<\/script>\n<!-- \/ Yoast SEO plugin. -->","yoast_head_json":{"title":"Strona - Dar \u017bycia - Poradnia Wspierania P\u0142odno\u015bci i Zdrowia Kobiety","robots":{"index":"index","follow":"follow","max-snippet":"max-snippet:-1","max-image-preview":"max-image-preview:large","max-video-preview":"max-video-preview:-1"},"canonical":"https:\/\/nieplodnosc.com.pl\/index.php\/polityka-prywatnosci\/","og_locale":"pl_PL","og_type":"article","og_title":"Strona - Dar \u017bycia - Poradnia Wspierania P\u0142odno\u015bci i Zdrowia Kobiety","og_description":"POLITYKA PRYWATNO\u015aCI Niniejsza Polityka stanowi podstawow\u0105 informacj\u0119 o celach, sposobach przetwarzania oraz bezpiecze\u0144stwie Twoich danych osobowych, jako u\u017cytkownika strony: fryzurarohlika.pl [wpisz tutaj sw\u00f3j adres strony i podlinkuj] (zwanej dalej Stron\u0105). Zapoznaj\u0105c si\u0119 z Polityk\u0105 prywatno\u015bci dowiesz si\u0119 kto jest administratorem Twoich danych osobowych, jakie dane osobowe s\u0105 przez Stron\u0119 zbierane, w jakich celach s\u0105 wykorzystywane &hellip; Czytaj dalej \u201eStrona\u201d","og_url":"https:\/\/nieplodnosc.com.pl\/index.php\/polityka-prywatnosci\/","og_site_name":"Dar \u017bycia - Poradnia Wspierania P\u0142odno\u015bci i Zdrowia Kobiety","article_modified_time":"2022-02-25T17:56:08+00:00","twitter_card":"summary_large_image","twitter_misc":{"Szacowany czas czytania":"6 minut"},"schema":{"@context":"https:\/\/schema.org","@graph":[{"@type":"WebPage","@id":"https:\/\/nieplodnosc.com.pl\/index.php\/polityka-prywatnosci\/","url":"https:\/\/nieplodnosc.com.pl\/index.php\/polityka-prywatnosci\/","name":"Strona - Dar \u017bycia - Poradnia Wspierania P\u0142odno\u015bci i Zdrowia Kobiety","isPartOf":{"@id":"https:\/\/nieplodnosc.com.pl\/#website"},"datePublished":"2022-02-25T17:43:51+00:00","dateModified":"2022-02-25T17:56:08+00:00","breadcrumb":{"@id":"https:\/\/nieplodnosc.com.pl\/index.php\/polityka-prywatnosci\/#breadcrumb"},"inLanguage":"pl-PL","potentialAction":[{"@type":"ReadAction","target":["https:\/\/nieplodnosc.com.pl\/index.php\/polityka-prywatnosci\/"]}]},{"@type":"BreadcrumbList","@id":"https:\/\/nieplodnosc.com.pl\/index.php\/polityka-prywatnosci\/#breadcrumb","itemListElement":[{"@type":"ListItem","position":1,"name":"Strona g\u0142\u00f3wna","item":"https:\/\/nieplodnosc.com.pl\/"},{"@type":"ListItem","position":2,"name":"Strona"}]},{"@type":"WebSite","@id":"https:\/\/nieplodnosc.com.pl\/#website","url":"https:\/\/nieplodnosc.com.pl\/","name":"Dar \u017bycia - Poradnia Wspierania P\u0142odno\u015bci i Zdrowia Kobiety","description":"Nieplodnosc.com.pl","publisher":{"@id":"https:\/\/nieplodnosc.com.pl\/#organization"},"potentialAction":[{"@type":"SearchAction","target":{"@type":"EntryPoint","urlTemplate":"https:\/\/nieplodnosc.com.pl\/?s={search_term_string}"},"query-input":{"@type":"PropertyValueSpecification","valueRequired":true,"valueName":"search_term_string"}}],"inLanguage":"pl-PL"},{"@type":"Organization","@id":"https:\/\/nieplodnosc.com.pl\/#organization","name":"Dar \u017bycia - Poradnia Wspierania P\u0142odno\u015bci i Zdrowia Kobiety","url":"https:\/\/nieplodnosc.com.pl\/","logo":{"@type":"ImageObject","inLanguage":"pl-PL","@id":"https:\/\/nieplodnosc.com.pl\/#\/schema\/logo\/image\/","url":"https:\/\/nieplodnosc.com.pl\/wp-content\/uploads\/2022\/01\/logo_perm_sh-1.png","contentUrl":"https:\/\/nieplodnosc.com.pl\/wp-content\/uploads\/2022\/01\/logo_perm_sh-1.png","width":240,"height":83,"caption":"Dar \u017bycia - Poradnia Wspierania P\u0142odno\u015bci i Zdrowia Kobiety"},"image":{"@id":"https:\/\/nieplodnosc.com.pl\/#\/schema\/logo\/image\/"}}]}},"_links":{"self":[{"href":"https:\/\/nieplodnosc.com.pl\/index.php\/wp-json\/wp\/v2\/pages\/551","targetHints":{"allow":["GET"]}}],"collection":[{"href":"https:\/\/nieplodnosc.com.pl\/index.php\/wp-json\/wp\/v2\/pages"}],"about":[{"href":"https:\/\/nieplodnosc.com.pl\/index.php\/wp-json\/wp\/v2\/types\/page"}],"author":[{"embeddable":true,"href":"https:\/\/nieplodnosc.com.pl\/index.php\/wp-json\/wp\/v2\/users\/1"}],"replies":[{"embeddable":true,"href":"https:\/\/nieplodnosc.com.pl\/index.php\/wp-json\/wp\/v2\/comments?post=551"}],"version-history":[{"count":3,"href":"https:\/\/nieplodnosc.com.pl\/index.php\/wp-json\/wp\/v2\/pages\/551\/revisions"}],"predecessor-version":[{"id":554,"href":"https:\/\/nieplodnosc.com.pl\/index.php\/wp-json\/wp\/v2\/pages\/551\/revisions\/554"}],"wp:attachment":[{"href":"https:\/\/nieplodnosc.com.pl\/index.php\/wp-json\/wp\/v2\/media?parent=551"}],"curies":[{"name":"wp","href":"https:\/\/api.w.org\/{rel}","templated":true}]}}