{"id":513,"date":"2022-02-14T21:22:11","date_gmt":"2022-02-14T20:22:11","guid":{"rendered":"https:\/\/nieplodnosc.com.pl\/?page_id=513"},"modified":"2026-02-02T13:26:26","modified_gmt":"2026-02-02T12:26:26","slug":"nasze-historie","status":"publish","type":"page","link":"https:\/\/nieplodnosc.com.pl\/index.php\/nasze-historie\/","title":{"rendered":"Nasze Historie"},"content":{"rendered":"<div class=\"\" style=\"\" >\n  \n    \n    <section class=\"u-align-center u-clearfix u-container-align-center u-grey-10 u-section-2\" id=\"sec-7d64\">\n      <div class=\"u-clearfix u-sheet u-sheet-1\">\n        <h1 class=\"u-text u-text-default u-text-1\">Nasze Historie<\/h1>\n      <\/div>\n    <\/section>\n    <section class=\"u-clearfix u-grey-10 u-section-3\" id=\"carousel_ba6a\">\n      <div class=\"u-clearfix u-sheet u-valign-middle-xl u-sheet-1\">\n        <div class=\"u-palette-2-base u-shape u-shape-rectangle u-shape-1\"><\/div>\n        <img decoding=\"async\" class=\"u-expanded-width-xs u-image u-image-default u-image-1\" data-image-width=\"600\" data-image-height=\"400\" src=\"https:\/\/nieplodnosc.com.pl\/wp-content\/uploads\/2022\/02\/274507952_493402285837408_6359610758268400531_nm.png\">\n        <div class=\"u-container-style u-expanded-width-xs u-group u-white u-group-1\">\n          <div class=\"u-container-layout u-container-layout-1\">\n            <p class=\"u-align-left u-text u-text-1\"> &nbsp; &nbsp; &nbsp; &nbsp; &nbsp;&nbsp;Z Naprotechnologi\u0105 spotkali\u015bmy si\u0119 w 2013r. Podczas wizyty w Przychodni Macierzy\u0144stwo i \u017bycie w Lublinie, dr Barczentewicz zaproponowa\u0142 prowadzenie obserwacji metod\u0105 Modelu Creightona, kt\u00f3ra pomo\u017ce w pe\u0142nej diagnozie naszych problem\u00f3w z p\u0142odno\u015bci\u0105. Doktor zaproponowa\u0142 kontakt z instruktorem Modelu Creightona i w ten spos\u00f3b poznali\u015bmy Pani\u0105 Kasi\u0119. Spotkali\u015bmy si\u0119 z bardzo ciep\u0142ym i profesjonalnym podej\u015bciem. Pani Kasia cierpliwie, krok po kroku zapozna\u0142a nas z poj\u0119ciami i sposobami prowadzenia obserwacji.<br>25 wrze\u015bnia na te\u015bcie ci\u0105\u017cowym pojawi\u0142y si\u0119 dwie kreski, a 28 maja nast\u0119pnego roku o 13:20 zobaczyli\u015bmy nasz\u0105 ukochan\u0105 c\u00f3reczk\u0119 \ud83d\ude42<br>Dzi\u0119kujemy za pomoc i \u017cyczliwo\u015b\u0107. \n            <\/p>\n            <p class=\"u-align-right u-text u-text-2\"> Wdzi\u0119czni rodzice Agatki<\/p>\n          <\/div>\n        <\/div>\n      <\/div>\n    <\/section>\n    <section class=\"u-clearfix u-grey-10 u-section-4\" id=\"historia2\">\n      <div class=\"u-clearfix u-sheet u-valign-middle-sm u-sheet-1\">\n        <div class=\"u-palette-2-base u-shape u-shape-rectangle u-shape-1\"><\/div>\n        <img decoding=\"async\" class=\"u-expanded-width-xs u-image u-image-default u-image-1\" data-image-width=\"600\" data-image-height=\"400\" src=\"https:\/\/nieplodnosc.com.pl\/wp-content\/uploads\/2022\/02\/274463425_1150945185651292_4877882811813649884_nm.png\">\n        <div class=\"u-container-style u-expanded-width-xs u-group u-white u-group-1\">\n          <div class=\"u-container-layout u-container-layout-1\">\n            <p class=\"u-align-left u-text u-text-1\"> &nbsp; &nbsp; &nbsp; &nbsp; &nbsp;&nbsp;Kiedy rozpocz\u0119li\u015bmy starania o dziecko okaza\u0142o si\u0119, \u017ce jest jaki\u015b problem i b\u0119dziemy potrzebowali konsultacji z lekarzem. Udali\u015bmy si\u0119 do lekarza specjalizuj\u0105cego si\u0119 w naprotechnologii, kt\u00f3ry oczywi\u015bcie zleci\u0142 nam seri\u0119 bada\u0144, ale tak\u017ce skierowa\u0142 nas do pani Kasi prowadz\u0105cej spotkania szkoleniowe dotycz\u0105ce modelu Creightona. Na pierwszym spotkaniu dowiedzieli\u015bmy si\u0119 czym jest &nbsp;metoda obserwacji oznak p\u0142odno\u015bci wed\u0142ug tego modelu. Podczas kolejnych, cyklicznych spotka\u0144 analizowali\u015bmy z pani\u0105 Kasi\u0105 wyniki obserwacji, kt\u00f3re pozwoli\u0142y prawid\u0142owo zdiagnozowa\u0107 problem. Okaza\u0142o si\u0119, \u017ce w moim przypadku problemem by\u0142 prawdopodobnie niedob\u00f3r progesteronu w fazie poowulacyjnej. Badania z krwi potwierdza\u0142y tak\u0105 diagnoz\u0119. Rozpocz\u0119\u0142am przyjmowanie progesteronu zgodnie z wytycznymi modelu Creightona. Na efekty musieli\u015bmy jeszcze troch\u0119 poczeka\u0107 (uzyskanie w\u0142a\u015bciwego poziomu wymaga troch\u0119 cierpliwo\u015bci), jednak w ko\u0144cu doczekali\u015bmy si\u0119 upragnionego dziecka. Ci\u0105\u017ca przebiega\u0142a bez \u017cadnych problem\u00f3w. Przy planowaniu drugiego dziecka zwr\u00f3cili\u015bmy si\u0119 ju\u017c bezpo\u015brednio do pani Kasi. Z obserwacji nadal wynika\u0142 niedob\u00f3r progesteronu. Rozpocz\u0119\u0142am przyjmowanie Luteiny i wkr\u00f3tce okaza\u0142o si\u0119, \u017ce jestem w ci\u0105\u017cy. Z naszego do\u015bwiadczenia wynika, \u017ce model Craightona naprawd\u0119 dzia\u0142a. Co wi\u0119cej, preferuje metody nieinwazyjne, co jest szczeg\u00f3lnie istotne z punktu widzenia zdrowia kobiety oraz jej kondycji p\u00f3\u017aniej w ci\u0105\u017cy.&nbsp; &nbsp;&nbsp;<\/p>\n            <p class=\"u-align-right u-text u-text-2\"> Kasia l. 36<\/p>\n          <\/div>\n        <\/div>\n      <\/div>\n    <\/section>\n    <section class=\"u-clearfix u-grey-10 u-section-5\" id=\"historia3\">\n      <div class=\"u-clearfix u-sheet u-valign-middle-xl u-valign-middle-xs u-sheet-1\">\n        <div class=\"u-palette-2-base u-shape u-shape-rectangle u-shape-1\"><\/div>\n        <img decoding=\"async\" class=\"u-image u-image-default u-image-1\" data-image-width=\"400\" data-image-height=\"723\" src=\"https:\/\/nieplodnosc.com.pl\/wp-content\/uploads\/2022\/02\/gosia_m.jpg\">\n        <div class=\"u-container-style u-expanded-width-sm u-expanded-width-xs u-group u-white u-group-1\">\n          <div class=\"u-container-layout u-container-layout-1\">\n            <p class=\"u-align-left u-text u-text-1\"> O modelu Creightona us\u0142ysza\u0142am jeszcze zanim pozna\u0142am mojego m\u0119\u017ca Marka i bardzo mnie to zaciekawi\u0142o. Ludzie zach\u0119cali do tego i prze\u0142amywa\u0142o to jakie\u015b moje stereotypy o planowaniu rodziny. Na etapie narzecze\u0144stwa spotkali\u015bmy si\u0119 z pani\u0105 Kasi\u0105, kt\u00f3ra dok\u0142adnie opisa\u0142a nam stosowanie tej metody, jej za\u0142o\u017cenia, i odpowiedzia\u0142a na wszelkie nasze pytania. Zdecydowali\u015bmy, \u017ce to jest co\u015b, w co chcemy zainwestowa\u0107 nasz czas i \u017ce jest to spos\u00f3b, kt\u00f3ry odpowiada na nasze potrzeby.<br>Pani Kasia jest rzetelnym instruktorem tej metody, spotkania z ni\u0105 s\u0105 bardzo profesjonalne i zach\u0119ca mnie to, \u017ce sama od lat stosuje t\u0119 metod\u0119 i bardzo j\u0105 poleca.<br>Model Creightona pozwala mi pozna\u0107 moje cia\u0142o i m\u0105drze zarz\u0105dza\u0107 swoj\u0105 p\u0142odno\u015bci\u0105. Wyp\u0142ywa to pozytywnie na nasz\u0105 relacj\u0119 ma\u0142\u017ce\u0144sk\u0105, kiedy oboje jeste\u015bmy \u015bwiadomi r\u00f3\u017cnych rzeczy.<br>Z pocz\u0105tku stosowali\u015bmy model Creightona by od\u0142o\u017cy\u0107 pocz\u0119cie, potem u\u017cywali\u015bmy go do zaplanowania pocz\u0119cia - dzia\u0142a niezawodnie w obu przypadkach&nbsp;I tak oto dzi\u015b mo\u017cemy cieszy\u0107 si\u0119 dw\u00f3jk\u0105 upragnionych syn\u00f3w - 4-letnim Jonasiem i 2-letnim Tymkiem.<br>Naprawd\u0119 ze szczerego serca polecam stosowanie modelu Creightona ka\u017cdej kobiecie, nawet niezam\u0119\u017cnej.\n            <\/p>\n            <p class=\"u-align-right u-text u-text-2\"> Gosia l. 33<\/p>\n          <\/div>\n        <\/div>\n      <\/div>\n    <\/section>\n    <section class=\"u-clearfix u-grey-10 u-section-6\" id=\"historia4\">\n      <div class=\"u-clearfix u-sheet u-valign-middle-sm u-valign-middle-xl u-valign-middle-xs u-sheet-1\">\n        <div class=\"u-palette-2-base u-shape u-shape-rectangle u-shape-1\"><\/div>\n        <img decoding=\"async\" class=\"u-expanded-width-xs u-image u-image-default u-image-1\" data-image-width=\"500\" data-image-height=\"333\" src=\"https:\/\/nieplodnosc.com.pl\/wp-content\/uploads\/2022\/03\/image.png\">\n        <div class=\"u-container-style u-expanded-width-sm u-expanded-width-xs u-group u-white u-group-1\">\n          <div class=\"u-container-layout u-container-layout-1\">\n            <p class=\"u-align-left u-text u-text-1\"> Po dw\u00f3ch latach starania si\u0119 o ci\u0105\u017c\u0119 i kilku \"dobrych\" lekarzach, kt\u00f3rzy nie mieli pomys\u0142u na diagnoz\u0119 niep\u0142odno\u015bci, trafili\u015bmy do naprotechnologa. Poleci\u0142 nam Pani\u0105 Kasi\u0119 jako instruktork\u0119 do prowadzenia obserwacji. Na pocz\u0105tku bardzo dok\u0142adne obserwacje by\u0142y dla mnie troch\u0119 uci\u0105\u017cliwe, niesystematyczne, kr\u0119puj\u0105ce. Ale Pani Kasia nie ust\u0119powa\u0142a, i troszczy\u0142a si\u0119, \u017ceby by\u0142y one rzetelne wypytuj\u0105c bardzo dok\u0142adnie o obserwacje i nasz\u0105 wiedz\u0119. Ju\u017c po 2 miesi\u0105cach prowadzenia karty zaszli\u015bmy w ci\u0105\u017c\u0119. Zrozumieli\u015bmy swoj\u0105 p\u0142odno\u015b\u0107, nauczyli\u015bmy si\u0119 prowadzenia obserwacji, kt\u00f3re opr\u00f3cz p\u0142odno\u015bci wiele m\u00f3wi\u0105 o og\u00f3lnym stanie zdrowia. Pani Kasia skutecznie pomog\u0142a nam zaobserwowa\u0107 powr\u00f3t do p\u0142odno\u015bci po ci\u0105\u017cach. Dzi\u015b mam dw\u00f3ch syn\u00f3w i nadal korzystam z konsultacji z Pani\u0105 Kasi\u0105, \u017ceby utrzymywa\u0107 poziom swojej wiedzy i pilnowa\u0107 nawyk\u00f3w przy prowadzeniu obserwacji oraz wyja\u015bnia\u0107 zdarzaj\u0105ce si\u0119 niestandardowe cykle. Jestem wdzi\u0119czna za pokazanie nam drogi do rozpoznania swojej p\u0142odno\u015bci.<\/p>\n            <p class=\"u-align-right u-text u-text-2\">Paulina M.<\/p>\n          <\/div>\n        <\/div>\n      <\/div>\n    <\/section>\n    <section class=\"u-clearfix u-grey-10 u-section-7\" id=\"carousel_266b\">\n      <div class=\"u-clearfix u-sheet u-valign-middle u-sheet-1\">\n        <div class=\"u-palette-2-base u-shape u-shape-rectangle u-shape-1\"><\/div>\n        <img decoding=\"async\" class=\"u-expanded-width-xs u-image u-image-default u-image-1\" data-image-width=\"960\" data-image-height=\"1280\" src=\"https:\/\/nieplodnosc.com.pl\/wp-content\/uploads\/2022\/04\/IMG-0075-rotated.jpg\">\n        <div class=\"u-container-style u-expanded-width-xs u-group u-white u-group-1\">\n          <div class=\"u-container-layout u-container-layout-1\">\n            <p class=\"u-align-left u-text u-text-1\">Spotkania z Pani\u0105 Kasi\u0105 by\u0142y dla nas bardzo wa\u017cne i pomocne. Du\u017co nauczyli\u015bmy si\u0119 o naturalnym planowaniu rodziny i od razu zacz\u0119li\u015bmy stosowa\u0107 t\u0119 metod\u0119. Pani Kasia pod tym wzgl\u0119dem by\u0142a niezast\u0105pionym nauczycielem, bardzo konkretna, potrafi\u0142a nas wytrwale naucza\u0107 i prowadzi\u0107. Polecam przede wszystkim jej profesjonalizm, bardzo lubi\u0119 jak prowadzi mnie osoba, kt\u00f3ra naprawd\u0119 zna si\u0119 na rzeczy i potrafi odpowiedzie\u0107 na moje pytania i w\u0105tpliwo\u015bci.&nbsp;<br>Model Creightona pomog\u0142 nam nie tylko w naturalnym i skutecznym planowaniu rodziny, ale r\u00f3wnie\u017c by\u0142 wa\u017cny przy prowadzeniu naszej cia\u017cy. Mia\u0142am bardzo niski poziom progesteronu i musia\u0142am by\u0107 porwadzona przez specjalist\u0119 w tej dziedzinie, a Pani Kasia od razu po tym jak dowidzieli\u015bmy si\u0119 o pocz\u0119ciu m\u00f3wi\u0142a nam co robi\u0107 i jak dzia\u0142a\u0107 zanim udali\u015bmy si\u0119 do lekarza.&nbsp;\n            <\/p>\n            <p class=\"u-align-right u-text u-text-2\"> Krysia l. 33<\/p>\n          <\/div>\n        <\/div>\n      <\/div>\n    <\/section>\n    <section class=\"u-clearfix u-grey-10 u-section-8\" id=\"carousel_f317\">\n      <div class=\"u-clearfix u-sheet u-valign-middle-sm u-valign-middle-xl u-valign-middle-xs u-sheet-1\">\n        <div class=\"u-palette-2-base u-shape u-shape-rectangle u-shape-1\"><\/div>\n        <img decoding=\"async\" class=\"u-expanded-width-xs u-image u-image-default u-image-1\" data-image-width=\"1920\" data-image-height=\"1280\" src=\"https:\/\/nieplodnosc.com.pl\/wp-content\/uploads\/2022\/04\/panorama-4610864_1920.jpg\">\n        <div class=\"u-container-style u-expanded-width-sm u-expanded-width-xs u-group u-white u-group-1\">\n          <div class=\"u-container-layout u-container-layout-1\">\n            <p class=\"u-align-left u-text u-text-1\"> Metod\u0119 Creighton stosuj\u0119 od prawie 5 lat. Poleci\u0142 mi j\u0105 m\u00f3j ginekolog na wizycie kontrolnej. W tamtym momencie by\u0142am \u017con\u0105 i mam\u0105 1.5 rocznego ch\u0142opca i 1 anio\u0142ka. Po wizycie wyszuka\u0142am w Internecie namiar w\u0142a\u015bnie do Pani Kasi i wsp\u00f3lnie z m\u0119\u017cem zacz\u0119li\u015bmy uczy\u0107 si\u0119 tej metody na spotkaniach. Od tamtego czasu na \u015bwiecie przywitali\u015bmy kolejnych 2 ch\u0142opc\u00f3w. B\u0119d\u0105c wraz z m\u0119\u017cem otwarci no nowe \u017cycie nie do ko\u0144ca przestrzegali\u015bmy zasad w celu unikni\u0119cia pocz\u0119cia, a kt\u00f3re s\u0105 w moim odczuciu bardzo dok\u0142adnie wyja\u015bnione i sprecyzowane. Po takim czasie stosowania metody, uwa\u017cam, \u017ce jest to najlepsza, najbezpieczniejsza, a na pewno naj\u0142atwiejsza metoda do stosowania dla mnie. Przede wszystkim ta metoda nie opiera si\u0119 na pomiarze temperatury, a stosuj\u0105c wcze\u015bniej metod\u0119 objawowo- termiczn\u0105 by\u0142o to dla mnie mocno k\u0142opotliwe ze wzgl\u0119du na nieregularny sen. Same obserwacje prowadzi si\u0119 banalnie prosto i nie zajmuj\u0105 du\u017co czasu, wystarczy je tylko wieczorem zaznaczy\u0107 na karcie. Uwa\u017cam r\u00f3wnie\u017c, \u017ce metoda ta mo\u017ce by\u0107 bardzo pomocna dla par borykaj\u0105cych si\u0119 z niep\u0142odno\u015bci\u0105 lub innymi zaburzeniami, poniewa\u017c regularne i tak precyzyjnie opisane obserwacje daj\u0105 pe\u0142ny obraz zdrowia, a dzi\u0119ki temu mo\u017cliwo\u015b\u0107 dalszej diagnostyki.&nbsp;<\/p>\n            <p class=\"u-align-right u-text u-text-2\">Karolina \u0141.<\/p>\n          <\/div>\n        <\/div>\n      <\/div>\n    <\/section>\n    \n    \n    \n    \n  \n<\/div>","protected":false},"excerpt":{"rendered":"<p>Nasze Historie &nbsp; &nbsp; &nbsp; &nbsp; &nbsp;&nbsp;Z Naprotechnologi\u0105 spotkali\u015bmy si\u0119 w 2013r. Podczas wizyty w Przychodni Macierzy\u0144stwo i \u017bycie w Lublinie, dr Barczentewicz zaproponowa\u0142 prowadzenie obserwacji metod\u0105 Modelu Creightona, kt\u00f3ra pomo\u017ce w pe\u0142nej diagnozie naszych problem\u00f3w z p\u0142odno\u015bci\u0105. Doktor zaproponowa\u0142 kontakt z instruktorem Modelu Creightona i w ten spos\u00f3b poznali\u015bmy Pani\u0105 Kasi\u0119. Spotkali\u015bmy si\u0119 z &hellip; <\/p>\n<p class=\"link-more\"><a href=\"https:\/\/nieplodnosc.com.pl\/index.php\/nasze-historie\/\" class=\"more-link\">Czytaj dalej<span class=\"screen-reader-text\"> \u201eNasze Historie\u201d<\/span><\/a><\/p>\n","protected":false},"author":1,"featured_media":0,"parent":0,"menu_order":0,"comment_status":"closed","ping_status":"closed","template":"","meta":{"footnotes":""},"class_list":["post-513","page","type-page","status-publish","hentry"],"yoast_head":"<!-- This site is optimized with the Yoast SEO plugin v26.8 - https:\/\/yoast.com\/product\/yoast-seo-wordpress\/ -->\n<title>Nasze Historie - Dar \u017bycia - Poradnia Wspierania P\u0142odno\u015bci i Zdrowia Kobiety<\/title>\n<meta name=\"robots\" content=\"index, follow, max-snippet:-1, max-image-preview:large, max-video-preview:-1\" \/>\n<link rel=\"canonical\" href=\"https:\/\/nieplodnosc.com.pl\/index.php\/nasze-historie\/\" \/>\n<meta property=\"og:locale\" content=\"pl_PL\" \/>\n<meta property=\"og:type\" content=\"article\" \/>\n<meta property=\"og:title\" content=\"Nasze Historie - Dar \u017bycia - Poradnia Wspierania P\u0142odno\u015bci i Zdrowia Kobiety\" \/>\n<meta property=\"og:description\" content=\"Nasze Historie &nbsp; &nbsp; &nbsp; &nbsp; &nbsp;&nbsp;Z Naprotechnologi\u0105 spotkali\u015bmy si\u0119 w 2013r. Podczas wizyty w Przychodni Macierzy\u0144stwo i \u017bycie w Lublinie, dr Barczentewicz zaproponowa\u0142 prowadzenie obserwacji metod\u0105 Modelu Creightona, kt\u00f3ra pomo\u017ce w pe\u0142nej diagnozie naszych problem\u00f3w z p\u0142odno\u015bci\u0105. Doktor zaproponowa\u0142 kontakt z instruktorem Modelu Creightona i w ten spos\u00f3b poznali\u015bmy Pani\u0105 Kasi\u0119. Spotkali\u015bmy si\u0119 z &hellip; Czytaj dalej \u201eNasze Historie\u201d\" \/>\n<meta property=\"og:url\" content=\"https:\/\/nieplodnosc.com.pl\/index.php\/nasze-historie\/\" \/>\n<meta property=\"og:site_name\" content=\"Dar \u017bycia - Poradnia Wspierania P\u0142odno\u015bci i Zdrowia Kobiety\" \/>\n<meta property=\"article:modified_time\" content=\"2026-02-02T12:26:26+00:00\" \/>\n<meta name=\"twitter:card\" content=\"summary_large_image\" \/>\n<meta name=\"twitter:label1\" content=\"Szacowany czas czytania\" \/>\n\t<meta name=\"twitter:data1\" content=\"6 minut\" \/>\n<script type=\"application\/ld+json\" class=\"yoast-schema-graph\">{\"@context\":\"https:\/\/schema.org\",\"@graph\":[{\"@type\":\"WebPage\",\"@id\":\"https:\/\/nieplodnosc.com.pl\/index.php\/nasze-historie\/\",\"url\":\"https:\/\/nieplodnosc.com.pl\/index.php\/nasze-historie\/\",\"name\":\"Nasze Historie - Dar \u017bycia - Poradnia Wspierania P\u0142odno\u015bci i Zdrowia Kobiety\",\"isPartOf\":{\"@id\":\"https:\/\/nieplodnosc.com.pl\/#website\"},\"datePublished\":\"2022-02-14T20:22:11+00:00\",\"dateModified\":\"2026-02-02T12:26:26+00:00\",\"breadcrumb\":{\"@id\":\"https:\/\/nieplodnosc.com.pl\/index.php\/nasze-historie\/#breadcrumb\"},\"inLanguage\":\"pl-PL\",\"potentialAction\":[{\"@type\":\"ReadAction\",\"target\":[\"https:\/\/nieplodnosc.com.pl\/index.php\/nasze-historie\/\"]}]},{\"@type\":\"BreadcrumbList\",\"@id\":\"https:\/\/nieplodnosc.com.pl\/index.php\/nasze-historie\/#breadcrumb\",\"itemListElement\":[{\"@type\":\"ListItem\",\"position\":1,\"name\":\"Strona g\u0142\u00f3wna\",\"item\":\"https:\/\/nieplodnosc.com.pl\/\"},{\"@type\":\"ListItem\",\"position\":2,\"name\":\"Nasze Historie\"}]},{\"@type\":\"WebSite\",\"@id\":\"https:\/\/nieplodnosc.com.pl\/#website\",\"url\":\"https:\/\/nieplodnosc.com.pl\/\",\"name\":\"Dar \u017bycia - Poradnia Wspierania P\u0142odno\u015bci i Zdrowia Kobiety\",\"description\":\"Nieplodnosc.com.pl\",\"publisher\":{\"@id\":\"https:\/\/nieplodnosc.com.pl\/#organization\"},\"potentialAction\":[{\"@type\":\"SearchAction\",\"target\":{\"@type\":\"EntryPoint\",\"urlTemplate\":\"https:\/\/nieplodnosc.com.pl\/?s={search_term_string}\"},\"query-input\":{\"@type\":\"PropertyValueSpecification\",\"valueRequired\":true,\"valueName\":\"search_term_string\"}}],\"inLanguage\":\"pl-PL\"},{\"@type\":\"Organization\",\"@id\":\"https:\/\/nieplodnosc.com.pl\/#organization\",\"name\":\"Dar \u017bycia - Poradnia Wspierania P\u0142odno\u015bci i Zdrowia Kobiety\",\"url\":\"https:\/\/nieplodnosc.com.pl\/\",\"logo\":{\"@type\":\"ImageObject\",\"inLanguage\":\"pl-PL\",\"@id\":\"https:\/\/nieplodnosc.com.pl\/#\/schema\/logo\/image\/\",\"url\":\"https:\/\/nieplodnosc.com.pl\/wp-content\/uploads\/2022\/01\/logo_perm_sh-1.png\",\"contentUrl\":\"https:\/\/nieplodnosc.com.pl\/wp-content\/uploads\/2022\/01\/logo_perm_sh-1.png\",\"width\":240,\"height\":83,\"caption\":\"Dar \u017bycia - Poradnia Wspierania P\u0142odno\u015bci i Zdrowia Kobiety\"},\"image\":{\"@id\":\"https:\/\/nieplodnosc.com.pl\/#\/schema\/logo\/image\/\"}}]}<\/script>\n<!-- \/ Yoast SEO plugin. -->","yoast_head_json":{"title":"Nasze Historie - Dar \u017bycia - Poradnia Wspierania P\u0142odno\u015bci i Zdrowia Kobiety","robots":{"index":"index","follow":"follow","max-snippet":"max-snippet:-1","max-image-preview":"max-image-preview:large","max-video-preview":"max-video-preview:-1"},"canonical":"https:\/\/nieplodnosc.com.pl\/index.php\/nasze-historie\/","og_locale":"pl_PL","og_type":"article","og_title":"Nasze Historie - Dar \u017bycia - Poradnia Wspierania P\u0142odno\u015bci i Zdrowia Kobiety","og_description":"Nasze Historie &nbsp; &nbsp; &nbsp; &nbsp; &nbsp;&nbsp;Z Naprotechnologi\u0105 spotkali\u015bmy si\u0119 w 2013r. Podczas wizyty w Przychodni Macierzy\u0144stwo i \u017bycie w Lublinie, dr Barczentewicz zaproponowa\u0142 prowadzenie obserwacji metod\u0105 Modelu Creightona, kt\u00f3ra pomo\u017ce w pe\u0142nej diagnozie naszych problem\u00f3w z p\u0142odno\u015bci\u0105. Doktor zaproponowa\u0142 kontakt z instruktorem Modelu Creightona i w ten spos\u00f3b poznali\u015bmy Pani\u0105 Kasi\u0119. Spotkali\u015bmy si\u0119 z &hellip; Czytaj dalej \u201eNasze Historie\u201d","og_url":"https:\/\/nieplodnosc.com.pl\/index.php\/nasze-historie\/","og_site_name":"Dar \u017bycia - Poradnia Wspierania P\u0142odno\u015bci i Zdrowia Kobiety","article_modified_time":"2026-02-02T12:26:26+00:00","twitter_card":"summary_large_image","twitter_misc":{"Szacowany czas czytania":"6 minut"},"schema":{"@context":"https:\/\/schema.org","@graph":[{"@type":"WebPage","@id":"https:\/\/nieplodnosc.com.pl\/index.php\/nasze-historie\/","url":"https:\/\/nieplodnosc.com.pl\/index.php\/nasze-historie\/","name":"Nasze Historie - Dar \u017bycia - Poradnia Wspierania P\u0142odno\u015bci i Zdrowia Kobiety","isPartOf":{"@id":"https:\/\/nieplodnosc.com.pl\/#website"},"datePublished":"2022-02-14T20:22:11+00:00","dateModified":"2026-02-02T12:26:26+00:00","breadcrumb":{"@id":"https:\/\/nieplodnosc.com.pl\/index.php\/nasze-historie\/#breadcrumb"},"inLanguage":"pl-PL","potentialAction":[{"@type":"ReadAction","target":["https:\/\/nieplodnosc.com.pl\/index.php\/nasze-historie\/"]}]},{"@type":"BreadcrumbList","@id":"https:\/\/nieplodnosc.com.pl\/index.php\/nasze-historie\/#breadcrumb","itemListElement":[{"@type":"ListItem","position":1,"name":"Strona g\u0142\u00f3wna","item":"https:\/\/nieplodnosc.com.pl\/"},{"@type":"ListItem","position":2,"name":"Nasze Historie"}]},{"@type":"WebSite","@id":"https:\/\/nieplodnosc.com.pl\/#website","url":"https:\/\/nieplodnosc.com.pl\/","name":"Dar \u017bycia - Poradnia Wspierania P\u0142odno\u015bci i Zdrowia Kobiety","description":"Nieplodnosc.com.pl","publisher":{"@id":"https:\/\/nieplodnosc.com.pl\/#organization"},"potentialAction":[{"@type":"SearchAction","target":{"@type":"EntryPoint","urlTemplate":"https:\/\/nieplodnosc.com.pl\/?s={search_term_string}"},"query-input":{"@type":"PropertyValueSpecification","valueRequired":true,"valueName":"search_term_string"}}],"inLanguage":"pl-PL"},{"@type":"Organization","@id":"https:\/\/nieplodnosc.com.pl\/#organization","name":"Dar \u017bycia - Poradnia Wspierania P\u0142odno\u015bci i Zdrowia Kobiety","url":"https:\/\/nieplodnosc.com.pl\/","logo":{"@type":"ImageObject","inLanguage":"pl-PL","@id":"https:\/\/nieplodnosc.com.pl\/#\/schema\/logo\/image\/","url":"https:\/\/nieplodnosc.com.pl\/wp-content\/uploads\/2022\/01\/logo_perm_sh-1.png","contentUrl":"https:\/\/nieplodnosc.com.pl\/wp-content\/uploads\/2022\/01\/logo_perm_sh-1.png","width":240,"height":83,"caption":"Dar \u017bycia - Poradnia Wspierania P\u0142odno\u015bci i Zdrowia Kobiety"},"image":{"@id":"https:\/\/nieplodnosc.com.pl\/#\/schema\/logo\/image\/"}}]}},"_links":{"self":[{"href":"https:\/\/nieplodnosc.com.pl\/index.php\/wp-json\/wp\/v2\/pages\/513","targetHints":{"allow":["GET"]}}],"collection":[{"href":"https:\/\/nieplodnosc.com.pl\/index.php\/wp-json\/wp\/v2\/pages"}],"about":[{"href":"https:\/\/nieplodnosc.com.pl\/index.php\/wp-json\/wp\/v2\/types\/page"}],"author":[{"embeddable":true,"href":"https:\/\/nieplodnosc.com.pl\/index.php\/wp-json\/wp\/v2\/users\/1"}],"replies":[{"embeddable":true,"href":"https:\/\/nieplodnosc.com.pl\/index.php\/wp-json\/wp\/v2\/comments?post=513"}],"version-history":[{"count":14,"href":"https:\/\/nieplodnosc.com.pl\/index.php\/wp-json\/wp\/v2\/pages\/513\/revisions"}],"predecessor-version":[{"id":635,"href":"https:\/\/nieplodnosc.com.pl\/index.php\/wp-json\/wp\/v2\/pages\/513\/revisions\/635"}],"wp:attachment":[{"href":"https:\/\/nieplodnosc.com.pl\/index.php\/wp-json\/wp\/v2\/media?parent=513"}],"curies":[{"name":"wp","href":"https:\/\/api.w.org\/{rel}","templated":true}]}}