{"id":452,"date":"2022-02-14T20:39:44","date_gmt":"2022-02-14T19:39:44","guid":{"rendered":"https:\/\/nieplodnosc.com.pl\/?page_id=452"},"modified":"2022-02-27T23:56:05","modified_gmt":"2022-02-27T22:56:05","slug":"model-creighton","status":"publish","type":"page","link":"https:\/\/nieplodnosc.com.pl\/index.php\/model-creighton\/","title":{"rendered":"Model Creighton"},"content":{"rendered":"<div class=\"\" style=\"\" >\n  \n    \n    <section class=\"u-clearfix u-section-2\" id=\"sec-35f3\">\n      <div class=\"u-clearfix u-sheet u-valign-middle u-sheet-1\">\n        <div class=\"u-clearfix u-expanded-width u-gutter-10 u-layout-wrap u-layout-wrap-1\">\n          <div class=\"u-layout\" style=\"\">\n            <div class=\"u-layout-row\" style=\"\">\n              <div class=\"u-align-left u-container-style u-layout-cell u-left-cell u-size-17 u-white u-layout-cell-1\" src=\"\">\n                <div class=\"u-container-layout u-container-layout-1\">\n                  <h2 class=\"u-text u-text-1\">\n                    <span style=\"font-size: 3rem;\">Model Creighton<\/span>\n                  <\/h2>\n                  <p class=\"u-text u-text-2\"> \"<span style=\"font-style: italic;\">Niczego w \u017cyciu nie nale\u017cy si\u0119 ba\u0107, nale\u017cy to tylko zrozumie\u0107.\"&nbsp;<\/span>\n                    <br>\n                    <span style=\"font-style: italic;\">\n                      <span style=\"font-size: 1rem;\">Maria<\/span>&nbsp;<span style=\"font-size: 1rem;\">Sk\u0142odowska-Curie<\/span>\n                    <\/span>\n                  <\/p>\n                <\/div>\n              <\/div>\n              <div class=\"u-container-style u-image u-layout-cell u-right-cell u-size-43 u-image-1\" data-image-width=\"600\" data-image-height=\"427\" style=\"background-image: url(&quot;https:\/\/nieplodnosc.com.pl\/wp-content\/uploads\/2022\/02\/love-g4ce74202f_1920m.jpg&quot;);\">\n                <div class=\"u-container-layout u-valign-middle u-container-layout-2\"><\/div>\n              <\/div>\n            <\/div>\n          <\/div>\n        <\/div>\n      <\/div>\n    <\/section>\n    <section class=\"u-align-left u-clearfix u-section-3\" id=\"sec-35a5\">\n      <div class=\"u-clearfix u-sheet u-sheet-1\">\n        <div class=\"fr-view u-clearfix u-rich-text u-text u-text-1\">\n          <p style=\"text-align: left;\">\n            <span style=\"font-size: 1.25rem;\">&nbsp; &nbsp; &nbsp; System Modelu Creighton'a (ang. CREIGHTON MODEL FertilityCare System) zosta\u0142 opracowany przez tw\u00f3rc\u0119 Naprotechnologii, profesora Thomasa Hilgersa i jego wsp\u00f3\u0142pracownik\u00f3w ju\u017c w latach 70-tych ubieg\u0142ego wieku. Jest to metoda obserwacji cykli, polegaj\u0105ca na monitorowaniu wydzieliny \u015bluzowej dr\u00f3g rodnych kobiety. Dzi\u0119ki tym obserwacjom kobieta jest w stanie nie tylko precyzyjnie wyznaczy\u0107 dni p\u0142odne i niep\u0142odne, ale r\u00f3wnie\u017c znajduj\u0105 one zastosowanie w diagnozowaniu nieprawid\u0142owo\u015bci funkcjonowania organizmu oraz monitorowaniu przebiegu leczenia. Dla lekarza naprotechnologa s\u0105 wi\u0119c one swoist\u0105 \"map\u0105\" tego, co dzieje si\u0119 w organizmie kobiety, a w zwi\u0105zku z tym unikalnym narz\u0119dziem niezb\u0119dnym w praktyce lekarskiej. Dla samej u\u017cytkowniczki s\u0105 za\u015b skuteczn\u0105 pomoc\u0105 w okre\u015blaniu czasu p\u0142odno\u015bci oraz w ustalaniu optymalnego dnia do wykonania bada\u0144 hormonalnych, czy przyjmowania lek\u00f3w.&nbsp;<\/span>\n          <\/p>\n          <p>\n            <span style=\"font-size: 1.25rem;\">&nbsp; &nbsp; &nbsp; System Modelu Creighton'a to wystandaryzowana metoda obserwacji cykli kobiety precyzyjnie okre\u015blaj\u0105ca nie tylko dni p\u0142odne i niep\u0142odne, ale - przede wszystkim - potrafi\u0105ca wskaza\u0107 wszelkie nieprawid\u0142owo\u015bci w organizmie. Dlatego te\u017c potrzebne jest zazwyczaj kilka spotka\u0144, na kt\u00f3rych uczymy si\u0119 jak prowadzi\u0107 obserwacje, by by\u0142y one wiarygodn\u0105 baz\u0105 dla lekarza. Na spotkania zaproszona jest zar\u00f3wno kobieta jak i jej m\u0105\u017c\/narzeczony, gdy\u017c bardzo istotne jest, by mia\u0142a ona w nim wsparcie w ca\u0142ym procesie nauki i prowadzenia obserwacji. Nie trzeba specjalnie przygotowywa\u0107 si\u0119 do pierwszego spotkania, mo\u017cna przyj\u015b\u0107 w dowolnym momencie cyklu. Na pocz\u0105tku zostan\u0105 Pa\u0144stwo zaznajomieni z tym, co to jest Naprotechnologia, System Modelu Creighton'a, instruktor wyt\u0142umaczy dok\u0142adnie, krok po kroku, jak prowadzi\u0107 obserwacje, odpowie na wszelkie pytania. Takie spotkanie trwa zazwyczaj oko\u0142o godziny, ale je\u015bli para jest bardziej dociekliwa to siedzimy tak d\u0142ugo, a\u017c wszystko b\u0119dzie jasne, klarowne tak, by nie by\u0142o \u017cadnych w\u0105tpliwo\u015bci co do tego, jak prowadzi\u0107 obserwacje. Kolejne spotkania r\u00f3wnie\u017c b\u0119d\u0105 zajmowa\u0107 nam z pocz\u0105tku oko\u0142o godziny, mo\u017ce d\u0142u\u017cej. Po pierwszym spotkaniu, tzw. sesji wprowadzaj\u0105cej, para prowadzi obserwacje przez 2 tygodnie, a nast\u0119pnie spotyka si\u0119 z instruktorem, by om\u00f3wi\u0107 wyniki, poprawi\u0107 ewentualne b\u0142\u0119dy (kt\u00f3re na pocz\u0105tku zdarzaj\u0105 si\u0119 praktycznie zawsze) i poznawa\u0107 kolejne aspekty systemu, by szybko zdoby\u0107 pewno\u015b\u0107 w sprawnym prowadzeniu obserwacji. Takich spotka\u0144 w odst\u0119pach 2-tygodniowych jest zazwyczaj 4, nast\u0119pnie z regu\u0142y wystarcz\u0105 rzadsze spotkania - ich cz\u0119stotliwo\u015b\u0107 uzale\u017cniona jest od tego, jak wychodz\u0105 obserwacje i jak pewnie si\u0119 w nich czujemy.<\/span>\n          <\/p>\n          <div style=\"color: rgb(34, 34, 34); font-family: Arial, Helvetica, sans-serif; font-size: small; font-style: normal; font-variant-ligatures: normal; font-variant-caps: normal; font-weight: 400; letter-spacing: normal; orphans: 2; text-align: start; text-indent: 0px; text-transform: none; white-space: normal; widows: 2; word-spacing: 0px; -webkit-text-stroke-width: 0px; background-color: rgb(255, 255, 255); text-decoration-thickness: initial; text-decoration-style: initial; text-decoration-color: initial;\">\n            <span style=\"font-size: 1.25rem;\">\n              <br>\n            <\/span>\n          <\/div>\n          <p>\n            <span style=\"font-size: 1.25rem;\">W skr\u00f3cie schemat spotka\u0144 przedstawia si\u0119 nast\u0119puj\u0105co:<\/span>\n          <\/p>\n          <p>\n            <span style=\"font-size: 1.25rem;\">1) spotkanie wst\u0119pne<\/span>\n          <\/p>\n          <p>\n            <span style=\"font-size: 1.25rem;\">2) 4 kolejne spotkania - w 2-tygodniowych odst\u0119pach<\/span>\n          <\/p>\n          <p>\n            <span style=\"font-size: 1.25rem;\">3) 5-te spotkanie - po 4 tygodniach od 4-tego<\/span>\n          <\/p>\n          <p>\n            <span style=\"font-size: 1.25rem;\">4) 6-te i wi\u0119cej spotka\u0144 - cz\u0119stotliwo\u015b\u0107&nbsp;uzale\u017cniona od potrzeb u\u017cytkownika (w przypadku par stosuj\u0105cych system w celu od\u0142o\u017cenia pocz\u0119cia zalecane kolejne 3 spotkania co 3 miesi\u0105ce, w przypadku par staraj\u0105cych si\u0119 o pocz\u0119cie - nieco cz\u0119\u015bciej)<\/span>\n          <\/p>\n          <p>\n            <br>\n          <\/p>\n          <p>\n            <span style=\"font-size: 1.25rem;\">Gdy minie rok od rozpocz\u0119cia nauki wystarczy zazwyczaj kr\u00f3tka konsultacja raz na p\u00f3\u0142 roku\/rok.*<\/span>\n          <\/p>\n          <div style=\"color: rgb(34, 34, 34); font-family: Arial, Helvetica, sans-serif; font-size: small; font-style: normal; font-variant-ligatures: normal; font-variant-caps: normal; font-weight: 400; letter-spacing: normal; orphans: 2; text-align: start; text-indent: 0px; text-transform: none; white-space: normal; widows: 2; word-spacing: 0px; -webkit-text-stroke-width: 0px; background-color: rgb(255, 255, 255); text-decoration-thickness: initial; text-decoration-style: initial; text-decoration-color: initial;\">\n            <span style=\"font-size: 1.25rem;\">\n              <br>\n            <\/span>\n          <\/div>\n          <p>\n            <span style=\"font-size: 1.25rem;\">Warto tu doda\u0107 \u017ce powy\u017cszy schemat jest schematem og\u00f3lnym. W indywidualnych przypadkach mo\u017ce by\u0107 konieczno\u015b\u0107 pewnych niewielkich modyfikacji cz\u0119stotliwo\u015bci spotka\u0144.<\/span>\n          <\/p>\n          <div style=\"color: rgb(34, 34, 34); font-family: Arial, Helvetica, sans-serif; font-size: small; font-style: normal; font-variant-ligatures: normal; font-variant-caps: normal; font-weight: 400; letter-spacing: normal; orphans: 2; text-align: start; text-indent: 0px; text-transform: none; white-space: normal; widows: 2; word-spacing: 0px; -webkit-text-stroke-width: 0px; background-color: rgb(255, 255, 255); text-decoration-thickness: initial; text-decoration-style: initial; text-decoration-color: initial;\">\n            <span style=\"font-size: 1.25rem;\">\n              <br>\n            <\/span>\n          <\/div>\n          <p>\n            <span style=\"font-size: 1.25rem;\">* nie dotyczy par staraj\u0105cych si\u0119 o pocz\u0119cie, gdy\u017c pary te obj\u0119te s\u0105 sta\u0142\u0105 opiek\u0105 przez ca\u0142y czas trwania leczenia i mog\u0105 korzysta\u0107 z konsultacji z instruktorem tak cz\u0119sto, jak tego potrzebuj\u0105<\/span>\n          <\/p>\n        <\/div>\n      <\/div>\n    <\/section>\n    \n    \n    \n  \n<\/div>","protected":false},"excerpt":{"rendered":"<p>Model Creighton &#8222;Niczego w \u017cyciu nie nale\u017cy si\u0119 ba\u0107, nale\u017cy to tylko zrozumie\u0107.&#8221;&nbsp; Maria&nbsp;Sk\u0142odowska-Curie &nbsp; &nbsp; &nbsp; System Modelu Creighton&#8217;a (ang. CREIGHTON MODEL FertilityCare System) zosta\u0142 opracowany przez tw\u00f3rc\u0119 Naprotechnologii, profesora Thomasa Hilgersa i jego wsp\u00f3\u0142pracownik\u00f3w ju\u017c w latach 70-tych ubieg\u0142ego wieku. Jest to metoda obserwacji cykli, polegaj\u0105ca na monitorowaniu wydzieliny \u015bluzowej dr\u00f3g rodnych kobiety. &hellip; <\/p>\n<p class=\"link-more\"><a href=\"https:\/\/nieplodnosc.com.pl\/index.php\/model-creighton\/\" class=\"more-link\">Czytaj dalej<span class=\"screen-reader-text\"> \u201eModel Creighton\u201d<\/span><\/a><\/p>\n","protected":false},"author":1,"featured_media":0,"parent":0,"menu_order":0,"comment_status":"closed","ping_status":"closed","template":"","meta":{"footnotes":""},"class_list":["post-452","page","type-page","status-publish","hentry"],"yoast_head":"<!-- This site is optimized with the Yoast SEO plugin v26.8 - https:\/\/yoast.com\/product\/yoast-seo-wordpress\/ -->\n<title>Model Creighton - Dar \u017bycia - Poradnia Wspierania P\u0142odno\u015bci i Zdrowia Kobiety<\/title>\n<meta name=\"robots\" content=\"index, follow, max-snippet:-1, max-image-preview:large, max-video-preview:-1\" \/>\n<link rel=\"canonical\" href=\"https:\/\/nieplodnosc.com.pl\/index.php\/model-creighton\/\" \/>\n<meta property=\"og:locale\" content=\"pl_PL\" \/>\n<meta property=\"og:type\" content=\"article\" \/>\n<meta property=\"og:title\" content=\"Model Creighton - Dar \u017bycia - Poradnia Wspierania P\u0142odno\u015bci i Zdrowia Kobiety\" \/>\n<meta property=\"og:description\" content=\"Model Creighton &quot;Niczego w \u017cyciu nie nale\u017cy si\u0119 ba\u0107, nale\u017cy to tylko zrozumie\u0107.&quot;&nbsp; Maria&nbsp;Sk\u0142odowska-Curie &nbsp; &nbsp; &nbsp; System Modelu Creighton&#039;a (ang. CREIGHTON MODEL FertilityCare System) zosta\u0142 opracowany przez tw\u00f3rc\u0119 Naprotechnologii, profesora Thomasa Hilgersa i jego wsp\u00f3\u0142pracownik\u00f3w ju\u017c w latach 70-tych ubieg\u0142ego wieku. Jest to metoda obserwacji cykli, polegaj\u0105ca na monitorowaniu wydzieliny \u015bluzowej dr\u00f3g rodnych kobiety. &hellip; Czytaj dalej \u201eModel Creighton\u201d\" \/>\n<meta property=\"og:url\" content=\"https:\/\/nieplodnosc.com.pl\/index.php\/model-creighton\/\" \/>\n<meta property=\"og:site_name\" content=\"Dar \u017bycia - Poradnia Wspierania P\u0142odno\u015bci i Zdrowia Kobiety\" \/>\n<meta property=\"article:modified_time\" content=\"2022-02-27T22:56:05+00:00\" \/>\n<meta name=\"twitter:card\" content=\"summary_large_image\" \/>\n<meta name=\"twitter:label1\" content=\"Szacowany czas czytania\" \/>\n\t<meta name=\"twitter:data1\" content=\"3 minuty\" \/>\n<script type=\"application\/ld+json\" class=\"yoast-schema-graph\">{\"@context\":\"https:\/\/schema.org\",\"@graph\":[{\"@type\":\"WebPage\",\"@id\":\"https:\/\/nieplodnosc.com.pl\/index.php\/model-creighton\/\",\"url\":\"https:\/\/nieplodnosc.com.pl\/index.php\/model-creighton\/\",\"name\":\"Model Creighton - Dar \u017bycia - Poradnia Wspierania P\u0142odno\u015bci i Zdrowia Kobiety\",\"isPartOf\":{\"@id\":\"https:\/\/nieplodnosc.com.pl\/#website\"},\"datePublished\":\"2022-02-14T19:39:44+00:00\",\"dateModified\":\"2022-02-27T22:56:05+00:00\",\"breadcrumb\":{\"@id\":\"https:\/\/nieplodnosc.com.pl\/index.php\/model-creighton\/#breadcrumb\"},\"inLanguage\":\"pl-PL\",\"potentialAction\":[{\"@type\":\"ReadAction\",\"target\":[\"https:\/\/nieplodnosc.com.pl\/index.php\/model-creighton\/\"]}]},{\"@type\":\"BreadcrumbList\",\"@id\":\"https:\/\/nieplodnosc.com.pl\/index.php\/model-creighton\/#breadcrumb\",\"itemListElement\":[{\"@type\":\"ListItem\",\"position\":1,\"name\":\"Strona g\u0142\u00f3wna\",\"item\":\"https:\/\/nieplodnosc.com.pl\/\"},{\"@type\":\"ListItem\",\"position\":2,\"name\":\"Model Creighton\"}]},{\"@type\":\"WebSite\",\"@id\":\"https:\/\/nieplodnosc.com.pl\/#website\",\"url\":\"https:\/\/nieplodnosc.com.pl\/\",\"name\":\"Dar \u017bycia - Poradnia Wspierania P\u0142odno\u015bci i Zdrowia Kobiety\",\"description\":\"Nieplodnosc.com.pl\",\"publisher\":{\"@id\":\"https:\/\/nieplodnosc.com.pl\/#organization\"},\"potentialAction\":[{\"@type\":\"SearchAction\",\"target\":{\"@type\":\"EntryPoint\",\"urlTemplate\":\"https:\/\/nieplodnosc.com.pl\/?s={search_term_string}\"},\"query-input\":{\"@type\":\"PropertyValueSpecification\",\"valueRequired\":true,\"valueName\":\"search_term_string\"}}],\"inLanguage\":\"pl-PL\"},{\"@type\":\"Organization\",\"@id\":\"https:\/\/nieplodnosc.com.pl\/#organization\",\"name\":\"Dar \u017bycia - Poradnia Wspierania P\u0142odno\u015bci i Zdrowia Kobiety\",\"url\":\"https:\/\/nieplodnosc.com.pl\/\",\"logo\":{\"@type\":\"ImageObject\",\"inLanguage\":\"pl-PL\",\"@id\":\"https:\/\/nieplodnosc.com.pl\/#\/schema\/logo\/image\/\",\"url\":\"https:\/\/nieplodnosc.com.pl\/wp-content\/uploads\/2022\/01\/logo_perm_sh-1.png\",\"contentUrl\":\"https:\/\/nieplodnosc.com.pl\/wp-content\/uploads\/2022\/01\/logo_perm_sh-1.png\",\"width\":240,\"height\":83,\"caption\":\"Dar \u017bycia - Poradnia Wspierania P\u0142odno\u015bci i Zdrowia Kobiety\"},\"image\":{\"@id\":\"https:\/\/nieplodnosc.com.pl\/#\/schema\/logo\/image\/\"}}]}<\/script>\n<!-- \/ Yoast SEO plugin. -->","yoast_head_json":{"title":"Model Creighton - Dar \u017bycia - Poradnia Wspierania P\u0142odno\u015bci i Zdrowia Kobiety","robots":{"index":"index","follow":"follow","max-snippet":"max-snippet:-1","max-image-preview":"max-image-preview:large","max-video-preview":"max-video-preview:-1"},"canonical":"https:\/\/nieplodnosc.com.pl\/index.php\/model-creighton\/","og_locale":"pl_PL","og_type":"article","og_title":"Model Creighton - Dar \u017bycia - Poradnia Wspierania P\u0142odno\u015bci i Zdrowia Kobiety","og_description":"Model Creighton \"Niczego w \u017cyciu nie nale\u017cy si\u0119 ba\u0107, nale\u017cy to tylko zrozumie\u0107.\"&nbsp; Maria&nbsp;Sk\u0142odowska-Curie &nbsp; &nbsp; &nbsp; System Modelu Creighton'a (ang. CREIGHTON MODEL FertilityCare System) zosta\u0142 opracowany przez tw\u00f3rc\u0119 Naprotechnologii, profesora Thomasa Hilgersa i jego wsp\u00f3\u0142pracownik\u00f3w ju\u017c w latach 70-tych ubieg\u0142ego wieku. Jest to metoda obserwacji cykli, polegaj\u0105ca na monitorowaniu wydzieliny \u015bluzowej dr\u00f3g rodnych kobiety. &hellip; Czytaj dalej \u201eModel Creighton\u201d","og_url":"https:\/\/nieplodnosc.com.pl\/index.php\/model-creighton\/","og_site_name":"Dar \u017bycia - Poradnia Wspierania P\u0142odno\u015bci i Zdrowia Kobiety","article_modified_time":"2022-02-27T22:56:05+00:00","twitter_card":"summary_large_image","twitter_misc":{"Szacowany czas czytania":"3 minuty"},"schema":{"@context":"https:\/\/schema.org","@graph":[{"@type":"WebPage","@id":"https:\/\/nieplodnosc.com.pl\/index.php\/model-creighton\/","url":"https:\/\/nieplodnosc.com.pl\/index.php\/model-creighton\/","name":"Model Creighton - Dar \u017bycia - Poradnia Wspierania P\u0142odno\u015bci i Zdrowia Kobiety","isPartOf":{"@id":"https:\/\/nieplodnosc.com.pl\/#website"},"datePublished":"2022-02-14T19:39:44+00:00","dateModified":"2022-02-27T22:56:05+00:00","breadcrumb":{"@id":"https:\/\/nieplodnosc.com.pl\/index.php\/model-creighton\/#breadcrumb"},"inLanguage":"pl-PL","potentialAction":[{"@type":"ReadAction","target":["https:\/\/nieplodnosc.com.pl\/index.php\/model-creighton\/"]}]},{"@type":"BreadcrumbList","@id":"https:\/\/nieplodnosc.com.pl\/index.php\/model-creighton\/#breadcrumb","itemListElement":[{"@type":"ListItem","position":1,"name":"Strona g\u0142\u00f3wna","item":"https:\/\/nieplodnosc.com.pl\/"},{"@type":"ListItem","position":2,"name":"Model Creighton"}]},{"@type":"WebSite","@id":"https:\/\/nieplodnosc.com.pl\/#website","url":"https:\/\/nieplodnosc.com.pl\/","name":"Dar \u017bycia - Poradnia Wspierania P\u0142odno\u015bci i Zdrowia Kobiety","description":"Nieplodnosc.com.pl","publisher":{"@id":"https:\/\/nieplodnosc.com.pl\/#organization"},"potentialAction":[{"@type":"SearchAction","target":{"@type":"EntryPoint","urlTemplate":"https:\/\/nieplodnosc.com.pl\/?s={search_term_string}"},"query-input":{"@type":"PropertyValueSpecification","valueRequired":true,"valueName":"search_term_string"}}],"inLanguage":"pl-PL"},{"@type":"Organization","@id":"https:\/\/nieplodnosc.com.pl\/#organization","name":"Dar \u017bycia - Poradnia Wspierania P\u0142odno\u015bci i Zdrowia Kobiety","url":"https:\/\/nieplodnosc.com.pl\/","logo":{"@type":"ImageObject","inLanguage":"pl-PL","@id":"https:\/\/nieplodnosc.com.pl\/#\/schema\/logo\/image\/","url":"https:\/\/nieplodnosc.com.pl\/wp-content\/uploads\/2022\/01\/logo_perm_sh-1.png","contentUrl":"https:\/\/nieplodnosc.com.pl\/wp-content\/uploads\/2022\/01\/logo_perm_sh-1.png","width":240,"height":83,"caption":"Dar \u017bycia - Poradnia Wspierania P\u0142odno\u015bci i Zdrowia Kobiety"},"image":{"@id":"https:\/\/nieplodnosc.com.pl\/#\/schema\/logo\/image\/"}}]}},"_links":{"self":[{"href":"https:\/\/nieplodnosc.com.pl\/index.php\/wp-json\/wp\/v2\/pages\/452","targetHints":{"allow":["GET"]}}],"collection":[{"href":"https:\/\/nieplodnosc.com.pl\/index.php\/wp-json\/wp\/v2\/pages"}],"about":[{"href":"https:\/\/nieplodnosc.com.pl\/index.php\/wp-json\/wp\/v2\/types\/page"}],"author":[{"embeddable":true,"href":"https:\/\/nieplodnosc.com.pl\/index.php\/wp-json\/wp\/v2\/users\/1"}],"replies":[{"embeddable":true,"href":"https:\/\/nieplodnosc.com.pl\/index.php\/wp-json\/wp\/v2\/comments?post=452"}],"version-history":[{"count":10,"href":"https:\/\/nieplodnosc.com.pl\/index.php\/wp-json\/wp\/v2\/pages\/452\/revisions"}],"predecessor-version":[{"id":580,"href":"https:\/\/nieplodnosc.com.pl\/index.php\/wp-json\/wp\/v2\/pages\/452\/revisions\/580"}],"wp:attachment":[{"href":"https:\/\/nieplodnosc.com.pl\/index.php\/wp-json\/wp\/v2\/media?parent=452"}],"curies":[{"name":"wp","href":"https:\/\/api.w.org\/{rel}","templated":true}]}}