{"id":451,"date":"2022-02-14T20:39:30","date_gmt":"2022-02-14T19:39:30","guid":{"rendered":"https:\/\/nieplodnosc.com.pl\/?page_id=451"},"modified":"2022-03-01T21:39:24","modified_gmt":"2022-03-01T20:39:24","slug":"naprotechnologia","status":"publish","type":"page","link":"https:\/\/nieplodnosc.com.pl\/index.php\/naprotechnologia\/","title":{"rendered":"Naprotechnologia"},"content":{"rendered":"<div class=\"\" style=\"\" >\n  \n    \n    <section class=\"u-clearfix u-section-2\" id=\"sec-7ffa\">\n      <div class=\"u-clearfix u-sheet u-sheet-1\">\n        <div class=\"u-clearfix u-expanded-width u-gutter-10 u-layout-wrap u-layout-wrap-1\">\n          <div class=\"u-layout\" style=\"\">\n            <div class=\"u-layout-row\" style=\"\">\n              <div class=\"u-align-left u-container-style u-layout-cell u-left-cell u-size-21 u-white u-layout-cell-1\" src=\"\">\n                <div class=\"u-container-layout u-container-layout-1\">\n                  <h2 class=\"u-text u-text-1\"> Naprotechnologia<\/h2>\n                  <p class=\"u-text u-text-2\"> \"Rozpocznij tam, gdzie jeste\u015b. Wykorzystaj to, co masz.&nbsp;<br>Zr\u00f3b to, co mo\u017cesz.\"&nbsp;<br>\n                    <span style=\"font-size: 1rem;\">Arthur Ashe<\/span>\n                  <\/p>\n                <\/div>\n              <\/div>\n              <div class=\"u-container-style u-image u-layout-cell u-right-cell u-size-39 u-image-1\" data-image-width=\"600\" data-image-height=\"400\" style=\"background-image: url(&quot;https:\/\/nieplodnosc.com.pl\/wp-content\/uploads\/2022\/02\/maternity-g7b4988427_1920m.jpg&quot;);\">\n                <div class=\"u-container-layout u-valign-middle u-container-layout-2\"><\/div>\n              <\/div>\n            <\/div>\n          <\/div>\n        <\/div>\n      <\/div>\n    <\/section>\n    <section class=\"u-align-left u-clearfix u-section-3\" id=\"sec-8fa6\">\n      <div class=\"u-clearfix u-sheet u-valign-middle u-sheet-1\">\n        <div class=\"fr-view u-clearfix u-rich-text u-text u-text-1\">\n          <p id=\"isPasted\">\n            <span style=\"font-size: 1.25rem;\">&nbsp; &nbsp; &nbsp; Pocz\u0105tki Naprotechnologii (ang. NaProTechnology - Natural Procreative Technology, czyli technologia naturalnej prokreacji) si\u0119gaj\u0105 lat 70-tych ubieg\u0142ego stulecia, kiedy to m\u0142ody ameryka\u0144ski lekarz o specjalno\u015bci ginekologiczno-po\u0142o\u017cniczej, dr Thomas Hilgers, zacz\u0105\u0142 interesowa\u0107 si\u0119 tematami zwi\u0105zanymi z problemami z zaj\u015bciem w ci\u0105\u017c\u0119. Jego zainteresowanie zaowocowa\u0142o opracowaniem ca\u0142kowicie innowacyjnej w skali ca\u0142ego \u015bwiata, kompleksowej metody podej\u015bcia do diagnozowania i leczenia schorze\u0144 utrudniaj\u0105cych zaj\u015bcie w ci\u0105\u017c\u0119, b\u0105d\u017a jej utrzymanie. Jej skuteczno\u015b\u0107 opiera si\u0119 o w\u0142a\u015bciw\u0105 diagnoz\u0119 przyczyn braku p\u0142odno\u015bci, a leczenie polega na przywr\u00f3ceniu prawid\u0142owego stanu organizmu, by mo\u017cna osi\u0105gn\u0105\u0107 pocz\u0119cie w naturalny spos\u00f3b.<\/span>\n          <\/p>\n          <div style=\"color: rgb(34, 34, 34); font-family: Arial, Helvetica, sans-serif; font-size: small; font-style: normal; font-variant-ligatures: normal; font-variant-caps: normal; font-weight: 400; letter-spacing: normal; orphans: 2; text-align: start; text-indent: 0px; text-transform: none; white-space: normal; widows: 2; word-spacing: 0px; -webkit-text-stroke-width: 0px; background-color: rgb(255, 255, 255); text-decoration-thickness: initial; text-decoration-style: initial; text-decoration-color: initial;\">\n            <span style=\"font-size: 1.25rem;\">\n              <br>\n            <\/span>\n          <\/div>\n          <p>\n            <span style=\"font-size: 1.25rem;\">&nbsp; &nbsp; &nbsp; Naprotechnologia wykorzystuje wszystkie znane wsp\u00f3\u0142czesnej medycynie narz\u0119dzia - zar\u00f3wno farmakologiczne jak i chirurgiczne, by usun\u0105\u0107 przyczyn\u0119 problem\u00f3w z p\u0142odno\u015bci\u0105. Bada ona i leczy zar\u00f3wno kobiet\u0119, jak i m\u0119\u017cczyzn\u0119. Prezentuje najbardziej kompleksowe, najdok\u0142adniejsze podej\u015bcie do zagadnienia zdrowia prokreacyjnego, jakie do tej pory opracowano.<\/span>\n          <\/p>\n          <div style=\"color: rgb(34, 34, 34); font-family: Arial, Helvetica, sans-serif; font-size: small; font-style: normal; font-variant-ligatures: normal; font-variant-caps: normal; font-weight: 400; letter-spacing: normal; orphans: 2; text-align: start; text-indent: 0px; text-transform: none; white-space: normal; widows: 2; word-spacing: 0px; -webkit-text-stroke-width: 0px; background-color: rgb(255, 255, 255); text-decoration-thickness: initial; text-decoration-style: initial; text-decoration-color: initial;\">\n            <span style=\"font-size: 1.25rem;\">\n              <br>\n            <\/span>\n          <\/div>\n          <p>\n            <span style=\"font-size: 1.25rem;\">&nbsp; &nbsp; &nbsp; Naprotechnologia jest metod\u0105 bazuj\u0105c\u0105 na wnikliwym zdiagnozowaniu przyczyn zaburze\u0144 p\u0142odno\u015bci. W tym celu pos\u0142uguje si\u0119, min., unikalnym narz\u0119dziem jakim jest System Modelu Creighton'a. Dzi\u0119ki obserwacjom cykli prowadzonym wg tego Systemu lekarz naprotechnolog mo\u017ce dok\u0142adnie okre\u015bli\u0107, gdzie le\u017cy problem braku pocz\u0119cia\/utrzymania ci\u0105\u017cy i wdro\u017cy\u0107 odpowiednie leczenie. Dlatego pierwszym krokiem, opr\u00f3cz serii bada\u0144, jest skierowanie pacjentki na przeszkolenie do instruktora Modelu Creighton.<\/span>\n          <\/p>\n        <\/div>\n      <\/div>\n    <\/section>\n    <section class=\"u-align-left u-clearfix u-section-4\" id=\"sec-9f5c\">\n      <div class=\"u-clearfix u-sheet u-sheet-1\">\n        <div class=\"fr-view u-clearfix u-rich-text u-text u-text-1\">\n          <p id=\"isPasted\">\n            <span style=\"font-size: 1.25rem;\">Plan leczenia mo\u017cna podzieli\u0107 na 3 etapy.<\/span>\n          <\/p>\n          <div style=\"color: rgb(34, 34, 34); font-family: Arial, Helvetica, sans-serif; font-size: small; font-style: normal; font-variant-ligatures: normal; font-variant-caps: normal; font-weight: 400; letter-spacing: normal; orphans: 2; text-align: start; text-indent: 0px; text-transform: none; white-space: normal; widows: 2; word-spacing: 0px; -webkit-text-stroke-width: 0px; background-color: rgb(255, 255, 255); text-decoration-thickness: initial; text-decoration-style: initial; text-decoration-color: initial;\">\n            <span style=\"font-size: 1.25rem;\">\n              <br>\n            <\/span>\n          <\/div>\n          <p>\n            <span style=\"font-size: 1.25rem;\">Etap I - identyfikacja problemu<\/span>\n          <\/p>\n          <div style=\"color: rgb(34, 34, 34); font-family: Arial, Helvetica, sans-serif; font-size: small; font-style: normal; font-variant-ligatures: normal; font-variant-caps: normal; font-weight: 400; letter-spacing: normal; orphans: 2; text-align: start; text-indent: 0px; text-transform: none; white-space: normal; widows: 2; word-spacing: 0px; -webkit-text-stroke-width: 0px; background-color: rgb(255, 255, 255); text-decoration-thickness: initial; text-decoration-style: initial; text-decoration-color: initial;\">\n            <span style=\"font-size: 1.25rem;\">\n              <br>\n            <\/span>\n          <\/div>\n          <p>\n            <span style=\"font-size: 1.25rem;\">Przez pierwsze 2-5 miesi\u0119cy trwa diagnozowanie problemu. Jest to czas, gdy para znajduje si\u0119 pod opiek\u0105 swojego instruktora i uczy si\u0119 obserwacji. Najcz\u0119\u015bciej ju\u017c po 3 pierwszych cyklach wida\u0107, z jakimi nieprawid\u0142owo\u015bciami organizmu mamy do czynienia. Czasem, w bardziej z\u0142o\u017conych przypadkach, potrzebne s\u0105 dok\u0142adniejsze badania, co te\u017c wymaga wi\u0119cej czasu.<\/span>\n          <\/p>\n          <div style=\"color: rgb(34, 34, 34); font-family: Arial, Helvetica, sans-serif; font-size: small; font-style: normal; font-variant-ligatures: normal; font-variant-caps: normal; font-weight: 400; letter-spacing: normal; orphans: 2; text-align: start; text-indent: 0px; text-transform: none; white-space: normal; widows: 2; word-spacing: 0px; -webkit-text-stroke-width: 0px; background-color: rgb(255, 255, 255); text-decoration-thickness: initial; text-decoration-style: initial; text-decoration-color: initial;\">\n            <span style=\"font-size: 1.25rem;\">\n              <br>\n            <\/span>\n          <\/div>\n          <p>\n            <span style=\"font-size: 1.25rem;\">Etap II - naprawianie problemu<\/span>\n          <\/p>\n          <div style=\"color: rgb(34, 34, 34); font-family: Arial, Helvetica, sans-serif; font-size: small; font-style: normal; font-variant-ligatures: normal; font-variant-caps: normal; font-weight: 400; letter-spacing: normal; orphans: 2; text-align: start; text-indent: 0px; text-transform: none; white-space: normal; widows: 2; word-spacing: 0px; -webkit-text-stroke-width: 0px; background-color: rgb(255, 255, 255); text-decoration-thickness: initial; text-decoration-style: initial; text-decoration-color: initial;\">\n            <span style=\"font-size: 1.25rem;\">\n              <br>\n            <\/span>\n          <\/div>\n          <p>\n            <span style=\"font-size: 1.25rem;\">Lekarz wdra\u017ca odpowiednie leczenie w odpowiedzi na zidentyfikowane problemy, dlatego mamy tu do czynienia z leczeniem celowym, ukierunkowanym na konkretn\u0105 przyczyn\u0119. Etap ten trwa zazwyczaj 1-6 miesi\u0119cy.<\/span>\n          <\/p>\n          <div style=\"color: rgb(34, 34, 34); font-family: Arial, Helvetica, sans-serif; font-size: small; font-style: normal; font-variant-ligatures: normal; font-variant-caps: normal; font-weight: 400; letter-spacing: normal; orphans: 2; text-align: start; text-indent: 0px; text-transform: none; white-space: normal; widows: 2; word-spacing: 0px; -webkit-text-stroke-width: 0px; background-color: rgb(255, 255, 255); text-decoration-thickness: initial; text-decoration-style: initial; text-decoration-color: initial;\">\n            <span style=\"font-size: 1.25rem;\">\n              <br>\n            <\/span>\n          <\/div>\n          <p>\n            <span style=\"font-size: 1.25rem;\">Etap III - utrzymanie \"dobrych cykli\"<\/span>\n          <\/p>\n          <div style=\"color: rgb(34, 34, 34); font-family: Arial, Helvetica, sans-serif; font-size: small; font-style: normal; font-variant-ligatures: normal; font-variant-caps: normal; font-weight: 400; letter-spacing: normal; orphans: 2; text-align: start; text-indent: 0px; text-transform: none; white-space: normal; widows: 2; word-spacing: 0px; -webkit-text-stroke-width: 0px; background-color: rgb(255, 255, 255); text-decoration-thickness: initial; text-decoration-style: initial; text-decoration-color: initial;\">\n            <span style=\"font-size: 1.25rem;\">\n              <br>\n            <\/span>\n          <\/div>\n          <p>\n            <span style=\"font-size: 1.25rem;\">Gdy organizm kobiety odpowiada prawid\u0142owo na zaproponowane leczenie zwi\u0119ksza si\u0119 szansa na osi\u0105gni\u0119cie po\u017c\u0105danego rezultatu. Nale\u017cy jednak pami\u0119ta\u0107, \u017ce cia\u0142o cz\u0142owiek to nie maszynka, kt\u00f3r\u0105 wystarczy odpowiednio dokr\u0119ci\u0107 i oczekiwa\u0107 natychmiastowego efektu. Czasem trzeba uzbroi\u0107 si\u0119 w cierpliwo\u015b\u0107 czekaj\u0105c na upragniony cel (to te\u017c by\u0142o moim osobistym do\u015bwiadczeniem). Etap ten trwa 1-18 miesi\u0119cy.<\/span>\n          <\/p>\n        <\/div>\n      <\/div>\n    <\/section>\n    <section class=\"u-align-center u-clearfix u-section-5\" id=\"sec-18c3\">\n      <div class=\"u-clearfix u-sheet u-valign-middle u-sheet-1\">\n        <p class=\"u-align-center u-text u-text-palette-1-dark-1 u-text-1\"> W Radomiu Konsultantem Medycznym NaProTechnology jest:<br>lek. Grzegorz Nyc, NFPMC<br>\n          <span style=\"line-height: 1.5; font-size: 1.875rem;\">\n            <a href=\"http:\/\/grzegorznyc.pl\/\" class=\"u-btn u-button-link u-button-style u-text-palette-1-base u-btn-1\" target=\"_blank\">grzegorznyc.pl<\/a>\n          <\/span>\n        <\/p>\n      <\/div>\n    <\/section>\n    \n    \n    \n  \n<\/div>","protected":false},"excerpt":{"rendered":"<p>Naprotechnologia &#8222;Rozpocznij tam, gdzie jeste\u015b. Wykorzystaj to, co masz.&nbsp;Zr\u00f3b to, co mo\u017cesz.&#8221;&nbsp; Arthur Ashe &nbsp; &nbsp; &nbsp; Pocz\u0105tki Naprotechnologii (ang. NaProTechnology &#8211; Natural Procreative Technology, czyli technologia naturalnej prokreacji) si\u0119gaj\u0105 lat 70-tych ubieg\u0142ego stulecia, kiedy to m\u0142ody ameryka\u0144ski lekarz o specjalno\u015bci ginekologiczno-po\u0142o\u017cniczej, dr Thomas Hilgers, zacz\u0105\u0142 interesowa\u0107 si\u0119 tematami zwi\u0105zanymi z problemami z zaj\u015bciem w &hellip; <\/p>\n<p class=\"link-more\"><a href=\"https:\/\/nieplodnosc.com.pl\/index.php\/naprotechnologia\/\" class=\"more-link\">Czytaj dalej<span class=\"screen-reader-text\"> \u201eNaprotechnologia\u201d<\/span><\/a><\/p>\n","protected":false},"author":1,"featured_media":0,"parent":0,"menu_order":0,"comment_status":"closed","ping_status":"closed","template":"","meta":{"footnotes":""},"class_list":["post-451","page","type-page","status-publish","hentry"],"yoast_head":"<!-- This site is optimized with the Yoast SEO plugin v26.8 - https:\/\/yoast.com\/product\/yoast-seo-wordpress\/ -->\n<title>Naprotechnologia - Dar \u017bycia - Poradnia Wspierania P\u0142odno\u015bci i Zdrowia Kobiety<\/title>\n<meta name=\"robots\" content=\"index, follow, max-snippet:-1, max-image-preview:large, max-video-preview:-1\" \/>\n<link rel=\"canonical\" href=\"https:\/\/nieplodnosc.com.pl\/index.php\/naprotechnologia\/\" \/>\n<meta property=\"og:locale\" content=\"pl_PL\" \/>\n<meta property=\"og:type\" content=\"article\" \/>\n<meta property=\"og:title\" content=\"Naprotechnologia - Dar \u017bycia - Poradnia Wspierania P\u0142odno\u015bci i Zdrowia Kobiety\" \/>\n<meta property=\"og:description\" content=\"Naprotechnologia &quot;Rozpocznij tam, gdzie jeste\u015b. Wykorzystaj to, co masz.&nbsp;Zr\u00f3b to, co mo\u017cesz.&quot;&nbsp; Arthur Ashe &nbsp; &nbsp; &nbsp; Pocz\u0105tki Naprotechnologii (ang. NaProTechnology - Natural Procreative Technology, czyli technologia naturalnej prokreacji) si\u0119gaj\u0105 lat 70-tych ubieg\u0142ego stulecia, kiedy to m\u0142ody ameryka\u0144ski lekarz o specjalno\u015bci ginekologiczno-po\u0142o\u017cniczej, dr Thomas Hilgers, zacz\u0105\u0142 interesowa\u0107 si\u0119 tematami zwi\u0105zanymi z problemami z zaj\u015bciem w &hellip; Czytaj dalej \u201eNaprotechnologia\u201d\" \/>\n<meta property=\"og:url\" content=\"https:\/\/nieplodnosc.com.pl\/index.php\/naprotechnologia\/\" \/>\n<meta property=\"og:site_name\" content=\"Dar \u017bycia - Poradnia Wspierania P\u0142odno\u015bci i Zdrowia Kobiety\" \/>\n<meta property=\"article:modified_time\" content=\"2022-03-01T20:39:24+00:00\" \/>\n<meta name=\"twitter:card\" content=\"summary_large_image\" \/>\n<meta name=\"twitter:label1\" content=\"Szacowany czas czytania\" \/>\n\t<meta name=\"twitter:data1\" content=\"2 minuty\" \/>\n<script type=\"application\/ld+json\" class=\"yoast-schema-graph\">{\"@context\":\"https:\/\/schema.org\",\"@graph\":[{\"@type\":\"WebPage\",\"@id\":\"https:\/\/nieplodnosc.com.pl\/index.php\/naprotechnologia\/\",\"url\":\"https:\/\/nieplodnosc.com.pl\/index.php\/naprotechnologia\/\",\"name\":\"Naprotechnologia - Dar \u017bycia - Poradnia Wspierania P\u0142odno\u015bci i Zdrowia Kobiety\",\"isPartOf\":{\"@id\":\"https:\/\/nieplodnosc.com.pl\/#website\"},\"datePublished\":\"2022-02-14T19:39:30+00:00\",\"dateModified\":\"2022-03-01T20:39:24+00:00\",\"breadcrumb\":{\"@id\":\"https:\/\/nieplodnosc.com.pl\/index.php\/naprotechnologia\/#breadcrumb\"},\"inLanguage\":\"pl-PL\",\"potentialAction\":[{\"@type\":\"ReadAction\",\"target\":[\"https:\/\/nieplodnosc.com.pl\/index.php\/naprotechnologia\/\"]}]},{\"@type\":\"BreadcrumbList\",\"@id\":\"https:\/\/nieplodnosc.com.pl\/index.php\/naprotechnologia\/#breadcrumb\",\"itemListElement\":[{\"@type\":\"ListItem\",\"position\":1,\"name\":\"Strona g\u0142\u00f3wna\",\"item\":\"https:\/\/nieplodnosc.com.pl\/\"},{\"@type\":\"ListItem\",\"position\":2,\"name\":\"Naprotechnologia\"}]},{\"@type\":\"WebSite\",\"@id\":\"https:\/\/nieplodnosc.com.pl\/#website\",\"url\":\"https:\/\/nieplodnosc.com.pl\/\",\"name\":\"Dar \u017bycia - Poradnia Wspierania P\u0142odno\u015bci i Zdrowia Kobiety\",\"description\":\"Nieplodnosc.com.pl\",\"publisher\":{\"@id\":\"https:\/\/nieplodnosc.com.pl\/#organization\"},\"potentialAction\":[{\"@type\":\"SearchAction\",\"target\":{\"@type\":\"EntryPoint\",\"urlTemplate\":\"https:\/\/nieplodnosc.com.pl\/?s={search_term_string}\"},\"query-input\":{\"@type\":\"PropertyValueSpecification\",\"valueRequired\":true,\"valueName\":\"search_term_string\"}}],\"inLanguage\":\"pl-PL\"},{\"@type\":\"Organization\",\"@id\":\"https:\/\/nieplodnosc.com.pl\/#organization\",\"name\":\"Dar \u017bycia - Poradnia Wspierania P\u0142odno\u015bci i Zdrowia Kobiety\",\"url\":\"https:\/\/nieplodnosc.com.pl\/\",\"logo\":{\"@type\":\"ImageObject\",\"inLanguage\":\"pl-PL\",\"@id\":\"https:\/\/nieplodnosc.com.pl\/#\/schema\/logo\/image\/\",\"url\":\"https:\/\/nieplodnosc.com.pl\/wp-content\/uploads\/2022\/01\/logo_perm_sh-1.png\",\"contentUrl\":\"https:\/\/nieplodnosc.com.pl\/wp-content\/uploads\/2022\/01\/logo_perm_sh-1.png\",\"width\":240,\"height\":83,\"caption\":\"Dar \u017bycia - Poradnia Wspierania P\u0142odno\u015bci i Zdrowia Kobiety\"},\"image\":{\"@id\":\"https:\/\/nieplodnosc.com.pl\/#\/schema\/logo\/image\/\"}}]}<\/script>\n<!-- \/ Yoast SEO plugin. -->","yoast_head_json":{"title":"Naprotechnologia - Dar \u017bycia - Poradnia Wspierania P\u0142odno\u015bci i Zdrowia Kobiety","robots":{"index":"index","follow":"follow","max-snippet":"max-snippet:-1","max-image-preview":"max-image-preview:large","max-video-preview":"max-video-preview:-1"},"canonical":"https:\/\/nieplodnosc.com.pl\/index.php\/naprotechnologia\/","og_locale":"pl_PL","og_type":"article","og_title":"Naprotechnologia - Dar \u017bycia - Poradnia Wspierania P\u0142odno\u015bci i Zdrowia Kobiety","og_description":"Naprotechnologia \"Rozpocznij tam, gdzie jeste\u015b. Wykorzystaj to, co masz.&nbsp;Zr\u00f3b to, co mo\u017cesz.\"&nbsp; Arthur Ashe &nbsp; &nbsp; &nbsp; Pocz\u0105tki Naprotechnologii (ang. NaProTechnology - Natural Procreative Technology, czyli technologia naturalnej prokreacji) si\u0119gaj\u0105 lat 70-tych ubieg\u0142ego stulecia, kiedy to m\u0142ody ameryka\u0144ski lekarz o specjalno\u015bci ginekologiczno-po\u0142o\u017cniczej, dr Thomas Hilgers, zacz\u0105\u0142 interesowa\u0107 si\u0119 tematami zwi\u0105zanymi z problemami z zaj\u015bciem w &hellip; Czytaj dalej \u201eNaprotechnologia\u201d","og_url":"https:\/\/nieplodnosc.com.pl\/index.php\/naprotechnologia\/","og_site_name":"Dar \u017bycia - Poradnia Wspierania P\u0142odno\u015bci i Zdrowia Kobiety","article_modified_time":"2022-03-01T20:39:24+00:00","twitter_card":"summary_large_image","twitter_misc":{"Szacowany czas czytania":"2 minuty"},"schema":{"@context":"https:\/\/schema.org","@graph":[{"@type":"WebPage","@id":"https:\/\/nieplodnosc.com.pl\/index.php\/naprotechnologia\/","url":"https:\/\/nieplodnosc.com.pl\/index.php\/naprotechnologia\/","name":"Naprotechnologia - Dar \u017bycia - Poradnia Wspierania P\u0142odno\u015bci i Zdrowia Kobiety","isPartOf":{"@id":"https:\/\/nieplodnosc.com.pl\/#website"},"datePublished":"2022-02-14T19:39:30+00:00","dateModified":"2022-03-01T20:39:24+00:00","breadcrumb":{"@id":"https:\/\/nieplodnosc.com.pl\/index.php\/naprotechnologia\/#breadcrumb"},"inLanguage":"pl-PL","potentialAction":[{"@type":"ReadAction","target":["https:\/\/nieplodnosc.com.pl\/index.php\/naprotechnologia\/"]}]},{"@type":"BreadcrumbList","@id":"https:\/\/nieplodnosc.com.pl\/index.php\/naprotechnologia\/#breadcrumb","itemListElement":[{"@type":"ListItem","position":1,"name":"Strona g\u0142\u00f3wna","item":"https:\/\/nieplodnosc.com.pl\/"},{"@type":"ListItem","position":2,"name":"Naprotechnologia"}]},{"@type":"WebSite","@id":"https:\/\/nieplodnosc.com.pl\/#website","url":"https:\/\/nieplodnosc.com.pl\/","name":"Dar \u017bycia - Poradnia Wspierania P\u0142odno\u015bci i Zdrowia Kobiety","description":"Nieplodnosc.com.pl","publisher":{"@id":"https:\/\/nieplodnosc.com.pl\/#organization"},"potentialAction":[{"@type":"SearchAction","target":{"@type":"EntryPoint","urlTemplate":"https:\/\/nieplodnosc.com.pl\/?s={search_term_string}"},"query-input":{"@type":"PropertyValueSpecification","valueRequired":true,"valueName":"search_term_string"}}],"inLanguage":"pl-PL"},{"@type":"Organization","@id":"https:\/\/nieplodnosc.com.pl\/#organization","name":"Dar \u017bycia - Poradnia Wspierania P\u0142odno\u015bci i Zdrowia Kobiety","url":"https:\/\/nieplodnosc.com.pl\/","logo":{"@type":"ImageObject","inLanguage":"pl-PL","@id":"https:\/\/nieplodnosc.com.pl\/#\/schema\/logo\/image\/","url":"https:\/\/nieplodnosc.com.pl\/wp-content\/uploads\/2022\/01\/logo_perm_sh-1.png","contentUrl":"https:\/\/nieplodnosc.com.pl\/wp-content\/uploads\/2022\/01\/logo_perm_sh-1.png","width":240,"height":83,"caption":"Dar \u017bycia - Poradnia Wspierania P\u0142odno\u015bci i Zdrowia Kobiety"},"image":{"@id":"https:\/\/nieplodnosc.com.pl\/#\/schema\/logo\/image\/"}}]}},"_links":{"self":[{"href":"https:\/\/nieplodnosc.com.pl\/index.php\/wp-json\/wp\/v2\/pages\/451","targetHints":{"allow":["GET"]}}],"collection":[{"href":"https:\/\/nieplodnosc.com.pl\/index.php\/wp-json\/wp\/v2\/pages"}],"about":[{"href":"https:\/\/nieplodnosc.com.pl\/index.php\/wp-json\/wp\/v2\/types\/page"}],"author":[{"embeddable":true,"href":"https:\/\/nieplodnosc.com.pl\/index.php\/wp-json\/wp\/v2\/users\/1"}],"replies":[{"embeddable":true,"href":"https:\/\/nieplodnosc.com.pl\/index.php\/wp-json\/wp\/v2\/comments?post=451"}],"version-history":[{"count":11,"href":"https:\/\/nieplodnosc.com.pl\/index.php\/wp-json\/wp\/v2\/pages\/451\/revisions"}],"predecessor-version":[{"id":623,"href":"https:\/\/nieplodnosc.com.pl\/index.php\/wp-json\/wp\/v2\/pages\/451\/revisions\/623"}],"wp:attachment":[{"href":"https:\/\/nieplodnosc.com.pl\/index.php\/wp-json\/wp\/v2\/media?parent=451"}],"curies":[{"name":"wp","href":"https:\/\/api.w.org\/{rel}","templated":true}]}}