{"id":409,"date":"2022-02-14T20:27:30","date_gmt":"2022-02-14T19:27:30","guid":{"rendered":"https:\/\/nieplodnosc.com.pl\/index.php\/409-2\/"},"modified":"2023-02-03T23:09:13","modified_gmt":"2023-02-03T22:09:13","slug":"o-mnie","status":"publish","type":"page","link":"https:\/\/nieplodnosc.com.pl\/index.php\/o-mnie\/","title":{"rendered":"O mnie"},"content":{"rendered":"<div class=\"\" style=\"\" >\n  \n    \n    <section class=\"u-clearfix u-section-2\" id=\"sec-563f\">\n      <div class=\"u-clearfix u-sheet u-sheet-1\">\n        <div class=\"u-clearfix u-expanded-width u-gutter-0 u-layout-wrap u-layout-wrap-1\">\n          <div class=\"u-layout\" style=\"\">\n            <div class=\"u-layout-row\" style=\"\">\n              <div class=\"u-align-left u-container-style u-layout-cell u-left-cell u-size-33 u-layout-cell-1\">\n                <div class=\"u-container-layout u-valign-middle u-container-layout-1\">\n                  <h2 class=\"u-text u-text-default u-text-1\">Katarzyna Kaszo-Stanik<\/h2>\n                  <p class=\"u-text u-text-2\"> \"\u200bTylko to wszystko,&nbsp;co robimy dla innych,&nbsp;<br>jest tym,&nbsp;co naprawd\u0119 warto robi\u0107.\"<br>\n                    <span style=\"font-size: 1rem;\">Lewis Carroll<\/span>\n                  <\/p>\n                <\/div>\n              <\/div>\n              <div class=\"u-align-center u-container-style u-layout-cell u-right-cell u-size-27 u-layout-cell-2\">\n                <div class=\"u-container-layout u-valign-middle u-container-layout-2\">\n                  <div alt=\"\" class=\"u-image u-image-circle u-image-1\" src=\"\" data-image-width=\"307\" data-image-height=\"344\" style=\"background-image: url(&quot;https:\/\/nieplodnosc.com.pl\/wp-content\/uploads\/2021\/12\/kasia-removebg-preview_m.png&quot;);\"><\/div>\n                <\/div>\n              <\/div>\n            <\/div>\n          <\/div>\n        <\/div>\n      <\/div>\n    <\/section>\n    <section class=\"u-align-center u-clearfix u-section-3\" id=\"sec-b320\">\n      <div class=\"u-clearfix u-sheet u-sheet-1\">\n        <div class=\"u-container-style u-group u-group-1\">\n          <div class=\"u-container-layout u-container-layout-1\">\n            <p class=\"u-text u-text-1\"> &nbsp; &nbsp; &nbsp; &nbsp; &nbsp; &nbsp;Moja\nprzygoda z Systemem Modelu Creighton\u2019a rozpocz\u0119\u0142a si\u0119 14 lat\ntemu w Lublinie. Ucz\u0119szcza\u0142am tam na dwuletnie studium rodziny\nzg\u0142\u0119biaj\u0105c interesuj\u0105ce mnie od dawna tematy zwi\u0105zane z\npsychologi\u0105 i duchowo\u015bci\u0105 ma\u0142\u017ce\u0144stwa i rodziny.&nbsp;&nbsp;<br>\n              <br> &nbsp; &nbsp; &nbsp; &nbsp; &nbsp; &nbsp;By\u0142\npa\u017adziernik 2008 roku. Na nasze zaj\u0119cia zosta\u0142 zaproszony znany lubelski lekarz ginekolog, dr Maciej Barczentewicz. Opowiada\u0142 nam on\no ca\u0142kowicie nowej w Polsce, a niezwykle skutecznej metodzie\nleczenia niep\u0142odno\u015bci - Naprotechnologii. T\u0142umaczy\u0142, jaka jest\nrola instruktor\u00f3w systemu Modelu Creighton w tej metodzie i\npoinformowa\u0142 nas, \u017ce w grudniu rozpocznie si\u0119 pierwszy w Polsce\nkurs w tym temacie, zar\u00f3wno dla lekarzy jak i instruktor\u00f3w. Ju\u017c w\ntrakcie jego wyst\u0105pienia by\u0142am absolutnie przekonana, \u017ce jest to\nco\u015b czym chc\u0119 si\u0119 zajmowa\u0107. Po kr\u00f3tkiej rozmowie z doktorem\ndecyzja zapad\u0142a - zapisuj\u0119 si\u0119 na kurs. I tak zosta\u0142am jednym z\npierwszych w Polsce 20 instruktor\u00f3w systemu.<br>\n              <br> &nbsp; &nbsp; &nbsp; &nbsp; &nbsp; &nbsp;Kurs rozpocz\u0105\u0142 si\u0119 w grudniu 2008 r. Tydzie\u0144 intensywnych wyk\u0142ad\u00f3w, 6 miesi\u0119cy praktyk pod okiem edukator\u00f3w ze Stan\u00f3w Zjednoczonych b\u0105d\u017a Wielkiej Brytanii, kolejny intensywny tydzie\u0144, kolejne 6 miesi\u0119cy praktyk, a ca\u0142o\u015b\u0107 zwie\u0144czona kilkugodzinnym egzaminem. Kurs w sumie razem trwa\u0142 13 miesi\u0119cy. Pierwsze egzaminy odby\u0142y si\u0119 w lutym 2010r. , kolejne w maju tego\u017c roku. Do egzamin\u00f3w przyst\u0105pi\u0142am w terminie majowym i uko\u0144czy\u0142am je z sukcesem, wi\u0119c od maja 2010 r. legitymuj\u0119 si\u0119 tytu\u0142em Fertility Care Practitioner, cho\u0107 w Polsce nazywani jeste\u015bmy po prostu instruktorami Modelu Creighton'a.<br>&nbsp; &nbsp; &nbsp;<br> &nbsp; &nbsp; &nbsp; &nbsp; &nbsp; &nbsp; &nbsp; Zaczynali\u015bmy nasz\u0105\nprac\u0119 z zaledwie sze\u015bcioma lekarzami. W Radomiu nie by\u0142o w\u00f3wczas\n\u017cadnego naprotechnologa. Przychodz\u0105ce do mnie pary leczy\u0142y si\u0119 w\nLublinie lub w Warszawie. Jako ciekawostk\u0119 dodam fakt, \u017ce \u00f3w\npierwszy kurs w Polsce by\u0142 prowadzony w j\u0119zyku angielskim. Jako \u017ce\nz wykszta\u0142cenia jestem anglist\u0105, nie by\u0142o do dla mnie \u017cadnym\nproblemem, wr\u0119cz przeciwnie - cieszy\u0142am si\u0119, \u017ce mog\u0119 by\u0107\nszkolona przez ameryka\u0144skich instruktor\u00f3w wsp\u00f3\u0142pracuj\u0105cych\nbezpo\u015brednio z profesorem Thomas\u2019em Hilgers\u2019em, tw\u00f3rc\u0105\nnaprotechnologii i systemu Modelu Creighton. By\u0142 to jednocze\u015bnie\njedyny kurs dla polskich instruktor\u00f3w, w kt\u00f3rym wyk\u0142adowcami by\u0142a\ntak du\u017ca grupa ameryka\u0144skich edukator\u00f3w. Do tego wykorzystywa\u0142am\nw praktyce m\u00f3j ukochany j\u0119zyk obcy - czy\u017c mo\u017ce by\u0107 lepsze\npo\u0142\u0105czenie tego co jest moj\u0105 \u017cyciow\u0105 pasj\u0105? \ud83d\ude09&nbsp;&nbsp;<br>\n              <br> &nbsp; &nbsp; &nbsp; &nbsp; &nbsp; &nbsp;Po\noko\u0142o 7 latach w Radomiu pojawi\u0142 si\u0119 lekarz zainteresowany\nnaprotechnologi\u0105. By\u0142a to dla mnie - ale chyba jeszcze bardziej dla\npar z Radomia - ogromna rado\u015b\u0107, gdy\u017c wreszcie mo\u017cna by\u0142o zacz\u0105\u0107\nleczy\u0107 si\u0119 na miejscu, bez konieczno\u015bci uci\u0105\u017cliwych dojazd\u00f3w.\nDr Grzegorz Nyc - gdy\u017c o nim mowa - okaza\u0142 si\u0119 wysoce kompetentnym\ni niezwykle wra\u017cliwym lekarzem, co potwierdza zdecydowana wi\u0119kszo\u015b\u0107\nzadowolonych pacjentek. Dla mnie to ogromna przyjemno\u015b\u0107 i\nniew\u0105tpliwy zaszczyt wsp\u00f3\u0142pracowa\u0107 z tak dobrym i empatycznym\nlekarzem. Wkr\u00f3tce potem do naszego radomskiego zespo\u0142u do\u0142\u0105czy\u0142a\ndruga instruktorka. I w takim oto sk\u0142adzie pracujemy\nw Radomiu do dzisiaj, maj\u0105c do tej pory wiele sukces\u00f3w na swoim\nkoncie w kwestii pomocy parom staraj\u0105cym si\u0119 o osi\u0105gni\u0119cie\npocz\u0119cia i doprowadzenie do szcz\u0119\u015bliwego rozwi\u0105zania.&nbsp;<br>\n              <br> &nbsp; &nbsp; &nbsp; &nbsp; &nbsp; &nbsp;A\nteraz par\u0119 s\u0142\u00f3w o mnie prywatnie. Jestem mam\u0105 tr\u00f3jki wspania\u0142ych\ndzieciak\u00f3w - 13-letniego Ma\u0107ka, 12-letni Emilki i 11-letniej Oli.\nNie oznacza to jednak, \u017ce z ich pocz\u0119ciem wszystko posz\u0142o \u0142atwo i\nbezproblemowo. I ja mia\u0142am problemy z p\u0142odno\u015bci\u0105. Zacz\u0119\u0142o si\u0119\nod poronienia na wczesnym etapie ci\u0105\u017cy. Potem by\u0142o d\u0142ugotrwa\u0142e\nleczenie i wreszcie - po dw\u00f3ch latach od poronienia - uda\u0142o si\u0119\nzn\u00f3w osi\u0105gn\u0105\u0107 pocz\u0119cie, co - nomen-omen - pokry\u0142o si\u0119 z kursem\nna instruktora Modelu Creighton. Pocz\u0119cie bowiem nast\u0105pi\u0142o 2\nmiesi\u0105ce po rozpocz\u0119ciu kursu. Gdy go ko\u0144czy\u0142am Maciu\u015b mia\u0142 p\u00f3\u0142\nroku. Z kolejnymi dzie\u0107mi posz\u0142o ju\u017c \u0142atwiej i szybciej i tym\nsposobem mog\u0119 si\u0119 cieszy\u0107 z bycia mam\u0105 wymarzonej tr\u00f3jki, gdy\u017c\nzawsze chcia\u0142am mie\u0107 minimum troje dzieci.&nbsp;<br>\n              <br>&nbsp; &nbsp; &nbsp; &nbsp; &nbsp; Opr\u00f3cz bycia mam\u0105,\nanglist\u0105 z wykszta\u0142cenia oraz instruktorem Modelu Creighton, moj\u0105\nnajwi\u0119ksz\u0105 \u017cyciow\u0105 pasj\u0105 i pragnieniem jest szcz\u0119\u015bliwe\nma\u0142\u017ce\u0144stwo i rodzina. Mam tu na my\u015bli zar\u00f3wno dzia\u0142anie w\nkierunku budowania mojego w\u0142asnego szcz\u0119\u015bcia ma\u0142\u017ce\u0144skiego, jak\ni wspierania innych w tym zakresie. Dlatego zosta\u0142am doradc\u0105\nrodzinnym i prowadz\u0119 pary potrzebuj\u0105ce wsparcia w relacjach\ndamsko-m\u0119skich. W mojej pracy stawiam na w\u0142a\u015bciw\u0105 diagnoz\u0119, gdy\u017c\nto od niej zale\u017cy skuteczno\u015b\u0107 dalszych krok\u00f3w. Do\u015bwiadczenie\nbowiem nauczy\u0142o mnie, \u017ce nie ma jednej, uniwersalnej recepty dla\nka\u017cdej pary \u2013 w\u0142a\u015bciwe zdiagnozowanie problemu bezpo\u015brednio\ndecyduje o powodzeniu doradztwa i ewentualnym podj\u0119ciu odpowiedniej\nterapii. Specjalista specjali\u015bcie bowiem nier\u00f3wny i to co jest\ndobre dla jednych, niekoniecznie musi sprawdzi\u0107 si\u0119 u innych. A w\nskrajnych przypadkach nawet \u2013 powa\u017cnie zaszkodzi\u0107! Niestety dane\nmi by\u0142o przekona\u0107 si\u0119 nieraz na w\u0142asnej sk\u00f3rze, \u017ce wyb\u00f3r\nnieodpowiedniej osoby, kt\u00f3ra zbyt pobie\u017cnie podejdzie do tematu i\nkieruje si\u0119 jedynie swoimi utartymi schematami \u2013 jest fatalne w\nskutkach. A stawka jest zbyt wysoka, by odda\u0107 nasz los w pierwsze\nlepsze r\u0119ce \u2013 chodzi przecie\u017c o nasze szcz\u0119\u015bcie.\n            <\/p>\n            <a href=\"https:\/\/nieplodnosc.com.pl\/\" class=\"u-active-none u-border-2 u-border-no-left u-border-no-right u-border-no-top u-border-palette-1-base u-btn u-btn-rectangle u-button-style u-hover-none u-none u-btn-1\">Wr\u00f3\u0107 na stron\u0119 g\u0142\u00f3wn\u0105<\/a>\n          <\/div>\n        <\/div>\n      <\/div>\n    <\/section>\n    \n    \n    \n  \n<\/div>","protected":false},"excerpt":{"rendered":"<p>Katarzyna Kaszo-Stanik &#8222;\u200bTylko to wszystko,&nbsp;co robimy dla innych,&nbsp;jest tym,&nbsp;co naprawd\u0119 warto robi\u0107.&#8221; Lewis Carroll &nbsp; &nbsp; &nbsp; &nbsp; &nbsp; &nbsp;Moja przygoda z Systemem Modelu Creighton\u2019a rozpocz\u0119\u0142a si\u0119 14 lat temu w Lublinie. Ucz\u0119szcza\u0142am tam na dwuletnie studium rodziny zg\u0142\u0119biaj\u0105c interesuj\u0105ce mnie od dawna tematy zwi\u0105zane z psychologi\u0105 i duchowo\u015bci\u0105 ma\u0142\u017ce\u0144stwa i rodziny.&nbsp;&nbsp; &nbsp; &nbsp; &nbsp; &hellip; <\/p>\n<p class=\"link-more\"><a href=\"https:\/\/nieplodnosc.com.pl\/index.php\/o-mnie\/\" class=\"more-link\">Czytaj dalej<span class=\"screen-reader-text\"> \u201eO mnie\u201d<\/span><\/a><\/p>\n","protected":false},"author":1,"featured_media":0,"parent":0,"menu_order":0,"comment_status":"closed","ping_status":"closed","template":"","meta":{"footnotes":""},"class_list":["post-409","page","type-page","status-publish","hentry"],"yoast_head":"<!-- This site is optimized with the Yoast SEO plugin v26.8 - https:\/\/yoast.com\/product\/yoast-seo-wordpress\/ -->\n<title>O mnie - Dar \u017bycia - Poradnia Wspierania P\u0142odno\u015bci i Zdrowia Kobiety<\/title>\n<meta name=\"robots\" content=\"index, follow, max-snippet:-1, max-image-preview:large, max-video-preview:-1\" \/>\n<link rel=\"canonical\" href=\"https:\/\/nieplodnosc.com.pl\/index.php\/o-mnie\/\" \/>\n<meta property=\"og:locale\" content=\"pl_PL\" \/>\n<meta property=\"og:type\" content=\"article\" \/>\n<meta property=\"og:title\" content=\"O mnie - Dar \u017bycia - Poradnia Wspierania P\u0142odno\u015bci i Zdrowia Kobiety\" \/>\n<meta property=\"og:description\" content=\"Katarzyna Kaszo-Stanik &quot;\u200bTylko to wszystko,&nbsp;co robimy dla innych,&nbsp;jest tym,&nbsp;co naprawd\u0119 warto robi\u0107.&quot; Lewis Carroll &nbsp; &nbsp; &nbsp; &nbsp; &nbsp; &nbsp;Moja przygoda z Systemem Modelu Creighton\u2019a rozpocz\u0119\u0142a si\u0119 14 lat temu w Lublinie. Ucz\u0119szcza\u0142am tam na dwuletnie studium rodziny zg\u0142\u0119biaj\u0105c interesuj\u0105ce mnie od dawna tematy zwi\u0105zane z psychologi\u0105 i duchowo\u015bci\u0105 ma\u0142\u017ce\u0144stwa i rodziny.&nbsp;&nbsp; &nbsp; &nbsp; &nbsp; &hellip; Czytaj dalej \u201eO mnie\u201d\" \/>\n<meta property=\"og:url\" content=\"https:\/\/nieplodnosc.com.pl\/index.php\/o-mnie\/\" \/>\n<meta property=\"og:site_name\" content=\"Dar \u017bycia - Poradnia Wspierania P\u0142odno\u015bci i Zdrowia Kobiety\" \/>\n<meta property=\"article:modified_time\" content=\"2023-02-03T22:09:13+00:00\" \/>\n<meta name=\"twitter:card\" content=\"summary_large_image\" \/>\n<meta name=\"twitter:label1\" content=\"Szacowany czas czytania\" \/>\n\t<meta name=\"twitter:data1\" content=\"5 minut\" \/>\n<script type=\"application\/ld+json\" class=\"yoast-schema-graph\">{\"@context\":\"https:\/\/schema.org\",\"@graph\":[{\"@type\":\"WebPage\",\"@id\":\"https:\/\/nieplodnosc.com.pl\/index.php\/o-mnie\/\",\"url\":\"https:\/\/nieplodnosc.com.pl\/index.php\/o-mnie\/\",\"name\":\"O mnie - Dar \u017bycia - Poradnia Wspierania P\u0142odno\u015bci i Zdrowia Kobiety\",\"isPartOf\":{\"@id\":\"https:\/\/nieplodnosc.com.pl\/#website\"},\"datePublished\":\"2022-02-14T19:27:30+00:00\",\"dateModified\":\"2023-02-03T22:09:13+00:00\",\"breadcrumb\":{\"@id\":\"https:\/\/nieplodnosc.com.pl\/index.php\/o-mnie\/#breadcrumb\"},\"inLanguage\":\"pl-PL\",\"potentialAction\":[{\"@type\":\"ReadAction\",\"target\":[\"https:\/\/nieplodnosc.com.pl\/index.php\/o-mnie\/\"]}]},{\"@type\":\"BreadcrumbList\",\"@id\":\"https:\/\/nieplodnosc.com.pl\/index.php\/o-mnie\/#breadcrumb\",\"itemListElement\":[{\"@type\":\"ListItem\",\"position\":1,\"name\":\"Strona g\u0142\u00f3wna\",\"item\":\"https:\/\/nieplodnosc.com.pl\/\"},{\"@type\":\"ListItem\",\"position\":2,\"name\":\"O mnie\"}]},{\"@type\":\"WebSite\",\"@id\":\"https:\/\/nieplodnosc.com.pl\/#website\",\"url\":\"https:\/\/nieplodnosc.com.pl\/\",\"name\":\"Dar \u017bycia - Poradnia Wspierania P\u0142odno\u015bci i Zdrowia Kobiety\",\"description\":\"Nieplodnosc.com.pl\",\"publisher\":{\"@id\":\"https:\/\/nieplodnosc.com.pl\/#organization\"},\"potentialAction\":[{\"@type\":\"SearchAction\",\"target\":{\"@type\":\"EntryPoint\",\"urlTemplate\":\"https:\/\/nieplodnosc.com.pl\/?s={search_term_string}\"},\"query-input\":{\"@type\":\"PropertyValueSpecification\",\"valueRequired\":true,\"valueName\":\"search_term_string\"}}],\"inLanguage\":\"pl-PL\"},{\"@type\":\"Organization\",\"@id\":\"https:\/\/nieplodnosc.com.pl\/#organization\",\"name\":\"Dar \u017bycia - Poradnia Wspierania P\u0142odno\u015bci i Zdrowia Kobiety\",\"url\":\"https:\/\/nieplodnosc.com.pl\/\",\"logo\":{\"@type\":\"ImageObject\",\"inLanguage\":\"pl-PL\",\"@id\":\"https:\/\/nieplodnosc.com.pl\/#\/schema\/logo\/image\/\",\"url\":\"https:\/\/nieplodnosc.com.pl\/wp-content\/uploads\/2022\/01\/logo_perm_sh-1.png\",\"contentUrl\":\"https:\/\/nieplodnosc.com.pl\/wp-content\/uploads\/2022\/01\/logo_perm_sh-1.png\",\"width\":240,\"height\":83,\"caption\":\"Dar \u017bycia - Poradnia Wspierania P\u0142odno\u015bci i Zdrowia Kobiety\"},\"image\":{\"@id\":\"https:\/\/nieplodnosc.com.pl\/#\/schema\/logo\/image\/\"}}]}<\/script>\n<!-- \/ Yoast SEO plugin. -->","yoast_head_json":{"title":"O mnie - Dar \u017bycia - Poradnia Wspierania P\u0142odno\u015bci i Zdrowia Kobiety","robots":{"index":"index","follow":"follow","max-snippet":"max-snippet:-1","max-image-preview":"max-image-preview:large","max-video-preview":"max-video-preview:-1"},"canonical":"https:\/\/nieplodnosc.com.pl\/index.php\/o-mnie\/","og_locale":"pl_PL","og_type":"article","og_title":"O mnie - Dar \u017bycia - Poradnia Wspierania P\u0142odno\u015bci i Zdrowia Kobiety","og_description":"Katarzyna Kaszo-Stanik \"\u200bTylko to wszystko,&nbsp;co robimy dla innych,&nbsp;jest tym,&nbsp;co naprawd\u0119 warto robi\u0107.\" Lewis Carroll &nbsp; &nbsp; &nbsp; &nbsp; &nbsp; &nbsp;Moja przygoda z Systemem Modelu Creighton\u2019a rozpocz\u0119\u0142a si\u0119 14 lat temu w Lublinie. Ucz\u0119szcza\u0142am tam na dwuletnie studium rodziny zg\u0142\u0119biaj\u0105c interesuj\u0105ce mnie od dawna tematy zwi\u0105zane z psychologi\u0105 i duchowo\u015bci\u0105 ma\u0142\u017ce\u0144stwa i rodziny.&nbsp;&nbsp; &nbsp; &nbsp; &nbsp; &hellip; Czytaj dalej \u201eO mnie\u201d","og_url":"https:\/\/nieplodnosc.com.pl\/index.php\/o-mnie\/","og_site_name":"Dar \u017bycia - Poradnia Wspierania P\u0142odno\u015bci i Zdrowia Kobiety","article_modified_time":"2023-02-03T22:09:13+00:00","twitter_card":"summary_large_image","twitter_misc":{"Szacowany czas czytania":"5 minut"},"schema":{"@context":"https:\/\/schema.org","@graph":[{"@type":"WebPage","@id":"https:\/\/nieplodnosc.com.pl\/index.php\/o-mnie\/","url":"https:\/\/nieplodnosc.com.pl\/index.php\/o-mnie\/","name":"O mnie - Dar \u017bycia - Poradnia Wspierania P\u0142odno\u015bci i Zdrowia Kobiety","isPartOf":{"@id":"https:\/\/nieplodnosc.com.pl\/#website"},"datePublished":"2022-02-14T19:27:30+00:00","dateModified":"2023-02-03T22:09:13+00:00","breadcrumb":{"@id":"https:\/\/nieplodnosc.com.pl\/index.php\/o-mnie\/#breadcrumb"},"inLanguage":"pl-PL","potentialAction":[{"@type":"ReadAction","target":["https:\/\/nieplodnosc.com.pl\/index.php\/o-mnie\/"]}]},{"@type":"BreadcrumbList","@id":"https:\/\/nieplodnosc.com.pl\/index.php\/o-mnie\/#breadcrumb","itemListElement":[{"@type":"ListItem","position":1,"name":"Strona g\u0142\u00f3wna","item":"https:\/\/nieplodnosc.com.pl\/"},{"@type":"ListItem","position":2,"name":"O mnie"}]},{"@type":"WebSite","@id":"https:\/\/nieplodnosc.com.pl\/#website","url":"https:\/\/nieplodnosc.com.pl\/","name":"Dar \u017bycia - Poradnia Wspierania P\u0142odno\u015bci i Zdrowia Kobiety","description":"Nieplodnosc.com.pl","publisher":{"@id":"https:\/\/nieplodnosc.com.pl\/#organization"},"potentialAction":[{"@type":"SearchAction","target":{"@type":"EntryPoint","urlTemplate":"https:\/\/nieplodnosc.com.pl\/?s={search_term_string}"},"query-input":{"@type":"PropertyValueSpecification","valueRequired":true,"valueName":"search_term_string"}}],"inLanguage":"pl-PL"},{"@type":"Organization","@id":"https:\/\/nieplodnosc.com.pl\/#organization","name":"Dar \u017bycia - Poradnia Wspierania P\u0142odno\u015bci i Zdrowia Kobiety","url":"https:\/\/nieplodnosc.com.pl\/","logo":{"@type":"ImageObject","inLanguage":"pl-PL","@id":"https:\/\/nieplodnosc.com.pl\/#\/schema\/logo\/image\/","url":"https:\/\/nieplodnosc.com.pl\/wp-content\/uploads\/2022\/01\/logo_perm_sh-1.png","contentUrl":"https:\/\/nieplodnosc.com.pl\/wp-content\/uploads\/2022\/01\/logo_perm_sh-1.png","width":240,"height":83,"caption":"Dar \u017bycia - Poradnia Wspierania P\u0142odno\u015bci i Zdrowia Kobiety"},"image":{"@id":"https:\/\/nieplodnosc.com.pl\/#\/schema\/logo\/image\/"}}]}},"_links":{"self":[{"href":"https:\/\/nieplodnosc.com.pl\/index.php\/wp-json\/wp\/v2\/pages\/409","targetHints":{"allow":["GET"]}}],"collection":[{"href":"https:\/\/nieplodnosc.com.pl\/index.php\/wp-json\/wp\/v2\/pages"}],"about":[{"href":"https:\/\/nieplodnosc.com.pl\/index.php\/wp-json\/wp\/v2\/types\/page"}],"author":[{"embeddable":true,"href":"https:\/\/nieplodnosc.com.pl\/index.php\/wp-json\/wp\/v2\/users\/1"}],"replies":[{"embeddable":true,"href":"https:\/\/nieplodnosc.com.pl\/index.php\/wp-json\/wp\/v2\/comments?post=409"}],"version-history":[{"count":11,"href":"https:\/\/nieplodnosc.com.pl\/index.php\/wp-json\/wp\/v2\/pages\/409\/revisions"}],"predecessor-version":[{"id":649,"href":"https:\/\/nieplodnosc.com.pl\/index.php\/wp-json\/wp\/v2\/pages\/409\/revisions\/649"}],"wp:attachment":[{"href":"https:\/\/nieplodnosc.com.pl\/index.php\/wp-json\/wp\/v2\/media?parent=409"}],"curies":[{"name":"wp","href":"https:\/\/api.w.org\/{rel}","templated":true}]}}